{"id":5183,"date":"2016-01-26T12:11:59","date_gmt":"2016-01-26T10:11:59","guid":{"rendered":"http:\/\/painters.wysiwyg.fi\/sv\/?page_id=5183"},"modified":"2026-04-07T14:13:37","modified_gmt":"2026-04-07T11:13:37","slug":"konstformedling","status":"publish","type":"page","link":"https:\/\/www.painters.fi\/sv\/konstformedling\/","title":{"rendered":"Konstf\u00f6rmedling"},"content":{"rendered":"<h1>M\u00e5larf\u00f6rbundets Konstf\u00f6rmedling<\/h1>\n<p><a href=\"https:\/\/teosvalitys.painters.fi\/\" target=\"_blank\" rel=\"noopener\">teosvalitys.painters.fi<\/a><\/p>\n<p>M\u00e5larf\u00f6rbundet arrangerar det stora konstevenemanget M\u00e5larf\u00f6rbundets Konstf\u00f6rmedling i Kabelfabrikens Sj\u00f6kabelhall \u00e5rligen i mars. Vid Finlands st\u00f6rsta konstevenemang visas n\u00e4stan 1 600 konstverk av circa 700 konstn\u00e4rer.<\/p>\n<p>Konstf\u00f6rmedlingen erbjuder en bred \u00f6versikt av finl\u00e4ndsk m\u00e5larkonst. De flesta stilarter och tekniker \u00e4r representerade och bland deltagarna finns s\u00e5v\u00e4l nya akt\u00f6rer som v\u00e4lk\u00e4nda konstn\u00e4rer.<\/p>\n<p>Konstf\u00f6rmedlingen p\u00e5g\u00e5r under tio dagar, och kunden f\u00e5r genast ta med sig de k\u00f6pta verken. Det \u00e4r fritt intr\u00e4de, och det l\u00f6nar sig att komma flera g\u00e5nger till f\u00f6rs\u00e4ljningsutst\u00e4llningen eftersom urvalet f\u00f6r\u00e4ndras i och med att konstn\u00e4rerna l\u00e4mnar in nya verk i st\u00e4llet f\u00f6r dem som k\u00f6pts.<\/p>\n<p><strong><br \/>\nM\u00e5larf\u00f6rbundets Konstf\u00f6rmedling<\/strong><\/p>\n<p>Kabelfabriken, Sj\u00f6kabelhallen, Kabelplatsen 3, 00180 Helsingfors<\/p>\n<p>Facebook: <a href=\"https:\/\/www.facebook.com\/taidemaalariliitonteosvalitys\" target=\"_blank\" rel=\"noopener\">Taidemaalariliiton Teosv\u00e4litys<\/a><br \/>\nInstagram: <a href=\"https:\/\/www.instagram.com\/taidemaalariliitonteosvalitys\/\" target=\"_blank\" rel=\"noopener\">@taidemaalariliitonteosvalitys<\/a><\/p>\n<p><img loading=\"lazy\" decoding=\"async\" class=\"alignnone wp-image-62626 size-large\" src=\"https:\/\/www.painters.fi\/wp-content\/uploads\/2025\/12\/IMGP9325-2-1024x769.jpeg\" alt=\"\" width=\"685\" height=\"514\" srcset=\"https:\/\/www.painters.fi\/wp-content\/uploads\/2025\/12\/IMGP9325-2-1024x769.jpeg 1024w, https:\/\/www.painters.fi\/wp-content\/uploads\/2025\/12\/IMGP9325-2-300x225.jpeg 300w, https:\/\/www.painters.fi\/wp-content\/uploads\/2025\/12\/IMGP9325-2-1536x1153.jpeg 1536w, https:\/\/www.painters.fi\/wp-content\/uploads\/2025\/12\/IMGP9325-2-650x488.jpeg 650w, https:\/\/www.painters.fi\/wp-content\/uploads\/2025\/12\/IMGP9325-2-333x250.jpeg 333w, https:\/\/www.painters.fi\/wp-content\/uploads\/2025\/12\/IMGP9325-2-685x514.jpeg 685w, https:\/\/www.painters.fi\/wp-content\/uploads\/2025\/12\/IMGP9325-2-600x450.jpeg 600w, https:\/\/www.painters.fi\/wp-content\/uploads\/2025\/12\/IMGP9325-2.jpeg 2000w\" sizes=\"auto, (max-width: 685px) 100vw, 685px\" \/><\/p>\n","protected":false},"excerpt":{"rendered":"<p>M\u00e5larf\u00f6rbundets Konstf\u00f6rmedling teosvalitys.painters.fi M\u00e5larf\u00f6rbundet arrangerar det stora konstevenemanget M\u00e5larf\u00f6rbundets Konstf\u00f6rmedling i Kabelfabrikens Sj\u00f6kabelhall \u00e5rligen i mars. Vid Finlands st\u00f6rsta konstevenemang visas n\u00e4stan 1 600 konstverk av circa 700 konstn\u00e4rer. Konstf\u00f6rmedlingen erbjuder en bred \u00f6versikt av finl\u00e4ndsk m\u00e5larkonst. De flesta stilarter och tekniker \u00e4r representerade och bland deltagarna finns s\u00e5v\u00e4l nya akt\u00f6rer som v\u00e4lk\u00e4nda konstn\u00e4rer. Konstf\u00f6rmedlingen &hellip; <a href=\"https:\/\/www.painters.fi\/sv\/konstformedling\/\" class=\"more-link\">Continue reading <span class=\"screen-reader-text\">Konstf\u00f6rmedling<\/span> <span class=\"meta-nav\">&raquo;<\/span><\/a><\/p>\n","protected":false},"author":1,"featured_media":0,"parent":0,"menu_order":0,"comment_status":"closed","ping_status":"closed","template":"","meta":{"_acf_changed":false,"_relevanssi_hide_post":"","_relevanssi_hide_content":"","_relevanssi_pin_for_all":"","_relevanssi_pin_keywords":"","_relevanssi_unpin_keywords":"","_relevanssi_related_keywords":"","_relevanssi_related_include_ids":"","_relevanssi_related_exclude_ids":"","_relevanssi_related_no_append":"","_relevanssi_related_not_related":"","_relevanssi_related_posts":"","_relevanssi_noindex_reason":"","footnotes":""},"class_list":["post-5183","page","type-page","status-publish","hentry"],"acf":[],"yoast_head":"<!-- This site is optimized with the Yoast SEO plugin v27.3 - https:\/\/yoast.com\/product\/yoast-seo-wordpress\/ -->\n<title>Konstf\u00f6rmedling - Taidemaalariliitto<\/title>\n<meta name=\"robots\" content=\"index, follow, max-snippet:-1, max-image-preview:large, max-video-preview:-1\" \/>\n<link rel=\"canonical\" href=\"https:\/\/www.painters.fi\/sv\/konstformedling\/\" \/>\n<meta property=\"og:locale\" content=\"sv_SE\" \/>\n<meta property=\"og:type\" content=\"article\" \/>\n<meta property=\"og:title\" content=\"Konstf\u00f6rmedling - Taidemaalariliitto\" \/>\n<meta property=\"og:description\" content=\"M\u00e5larf\u00f6rbundets Konstf\u00f6rmedling teosvalitys.painters.fi M\u00e5larf\u00f6rbundet arrangerar det stora konstevenemanget M\u00e5larf\u00f6rbundets Konstf\u00f6rmedling i Kabelfabrikens Sj\u00f6kabelhall \u00e5rligen i mars. Vid Finlands st\u00f6rsta konstevenemang visas n\u00e4stan 1 600 konstverk av circa 700 konstn\u00e4rer. Konstf\u00f6rmedlingen erbjuder en bred \u00f6versikt av finl\u00e4ndsk m\u00e5larkonst. De flesta stilarter och tekniker \u00e4r representerade och bland deltagarna finns s\u00e5v\u00e4l nya akt\u00f6rer som v\u00e4lk\u00e4nda konstn\u00e4rer. Konstf\u00f6rmedlingen &hellip; Continue reading Konstf\u00f6rmedling &raquo;\" \/>\n<meta property=\"og:url\" content=\"https:\/\/www.painters.fi\/sv\/konstformedling\/\" \/>\n<meta property=\"og:site_name\" content=\"Taidemaalariliitto\" \/>\n<meta property=\"article:publisher\" content=\"https:\/\/www.facebook.com\/Taidemaalariliitto\" \/>\n<meta property=\"article:modified_time\" content=\"2026-04-07T11:13:37+00:00\" \/>\n<meta property=\"og:image\" content=\"https:\/\/www.painters.fi\/wp-content\/uploads\/2025\/12\/IMGP9325-2.jpeg\" \/>\n\t<meta property=\"og:image:width\" content=\"2000\" \/>\n\t<meta property=\"og:image:height\" content=\"1501\" \/>\n\t<meta property=\"og:image:type\" content=\"image\/jpeg\" \/>\n<meta name=\"twitter:card\" content=\"summary_large_image\" \/>\n<meta name=\"twitter:site\" content=\"@tmliitto\" \/>\n<meta name=\"twitter:label1\" content=\"Ber\u00e4knad l\u00e4stid\" \/>\n\t<meta name=\"twitter:data1\" content=\"1 minut\" \/>\n<script type=\"application\/ld+json\" class=\"yoast-schema-graph\">{\"@context\":\"https:\\\/\\\/schema.org\",\"@graph\":[{\"@type\":\"WebPage\",\"@id\":\"https:\\\/\\\/www.painters.fi\\\/sv\\\/konstformedling\\\/\",\"url\":\"https:\\\/\\\/www.painters.fi\\\/sv\\\/konstformedling\\\/\",\"name\":\"Konstf\u00f6rmedling - Taidemaalariliitto\",\"isPartOf\":{\"@id\":\"https:\\\/\\\/www.painters.fi\\\/#website\"},\"primaryImageOfPage\":{\"@id\":\"https:\\\/\\\/www.painters.fi\\\/sv\\\/konstformedling\\\/#primaryimage\"},\"image\":{\"@id\":\"https:\\\/\\\/www.painters.fi\\\/sv\\\/konstformedling\\\/#primaryimage\"},\"thumbnailUrl\":\"https:\\\/\\\/www.painters.fi\\\/wp-content\\\/uploads\\\/2025\\\/12\\\/IMGP9325-2-1024x769.jpeg\",\"datePublished\":\"2016-01-26T10:11:59+00:00\",\"dateModified\":\"2026-04-07T11:13:37+00:00\",\"breadcrumb\":{\"@id\":\"https:\\\/\\\/www.painters.fi\\\/sv\\\/konstformedling\\\/#breadcrumb\"},\"inLanguage\":\"sv-SE\",\"potentialAction\":[{\"@type\":\"ReadAction\",\"target\":[\"https:\\\/\\\/www.painters.fi\\\/sv\\\/konstformedling\\\/\"]}]},{\"@type\":\"ImageObject\",\"inLanguage\":\"sv-SE\",\"@id\":\"https:\\\/\\\/www.painters.fi\\\/sv\\\/konstformedling\\\/#primaryimage\",\"url\":\"https:\\\/\\\/www.painters.fi\\\/wp-content\\\/uploads\\\/2025\\\/12\\\/IMGP9325-2-1024x769.jpeg\",\"contentUrl\":\"https:\\\/\\\/www.painters.fi\\\/wp-content\\\/uploads\\\/2025\\\/12\\\/IMGP9325-2-1024x769.jpeg\"},{\"@type\":\"BreadcrumbList\",\"@id\":\"https:\\\/\\\/www.painters.fi\\\/sv\\\/konstformedling\\\/#breadcrumb\",\"itemListElement\":[{\"@type\":\"ListItem\",\"position\":1,\"name\":\"Home\",\"item\":\"https:\\\/\\\/www.painters.fi\\\/sv\\\/\"},{\"@type\":\"ListItem\",\"position\":2,\"name\":\"Konstf\u00f6rmedling\"}]},{\"@type\":\"WebSite\",\"@id\":\"https:\\\/\\\/www.painters.fi\\\/#website\",\"url\":\"https:\\\/\\\/www.painters.fi\\\/\",\"name\":\"Taidemaalariliitto\",\"description\":\"\",\"potentialAction\":[{\"@type\":\"SearchAction\",\"target\":{\"@type\":\"EntryPoint\",\"urlTemplate\":\"https:\\\/\\\/www.painters.fi\\\/?s={search_term_string}\"},\"query-input\":{\"@type\":\"PropertyValueSpecification\",\"valueRequired\":true,\"valueName\":\"search_term_string\"}}],\"inLanguage\":\"sv-SE\"}]}<\/script>\n<!-- \/ Yoast SEO plugin. -->","yoast_head_json":{"title":"Konstf\u00f6rmedling - Taidemaalariliitto","robots":{"index":"index","follow":"follow","max-snippet":"max-snippet:-1","max-image-preview":"max-image-preview:large","max-video-preview":"max-video-preview:-1"},"canonical":"https:\/\/www.painters.fi\/sv\/konstformedling\/","og_locale":"sv_SE","og_type":"article","og_title":"Konstf\u00f6rmedling - Taidemaalariliitto","og_description":"M\u00e5larf\u00f6rbundets Konstf\u00f6rmedling teosvalitys.painters.fi M\u00e5larf\u00f6rbundet arrangerar det stora konstevenemanget M\u00e5larf\u00f6rbundets Konstf\u00f6rmedling i Kabelfabrikens Sj\u00f6kabelhall \u00e5rligen i mars. Vid Finlands st\u00f6rsta konstevenemang visas n\u00e4stan 1 600 konstverk av circa 700 konstn\u00e4rer. Konstf\u00f6rmedlingen erbjuder en bred \u00f6versikt av finl\u00e4ndsk m\u00e5larkonst. De flesta stilarter och tekniker \u00e4r representerade och bland deltagarna finns s\u00e5v\u00e4l nya akt\u00f6rer som v\u00e4lk\u00e4nda konstn\u00e4rer. Konstf\u00f6rmedlingen &hellip; Continue reading Konstf\u00f6rmedling &raquo;","og_url":"https:\/\/www.painters.fi\/sv\/konstformedling\/","og_site_name":"Taidemaalariliitto","article_publisher":"https:\/\/www.facebook.com\/Taidemaalariliitto","article_modified_time":"2026-04-07T11:13:37+00:00","og_image":[{"width":2000,"height":1501,"url":"https:\/\/www.painters.fi\/wp-content\/uploads\/2025\/12\/IMGP9325-2.jpeg","type":"image\/jpeg"}],"twitter_card":"summary_large_image","twitter_site":"@tmliitto","twitter_misc":{"Ber\u00e4knad l\u00e4stid":"1 minut"},"schema":{"@context":"https:\/\/schema.org","@graph":[{"@type":"WebPage","@id":"https:\/\/www.painters.fi\/sv\/konstformedling\/","url":"https:\/\/www.painters.fi\/sv\/konstformedling\/","name":"Konstf\u00f6rmedling - Taidemaalariliitto","isPartOf":{"@id":"https:\/\/www.painters.fi\/#website"},"primaryImageOfPage":{"@id":"https:\/\/www.painters.fi\/sv\/konstformedling\/#primaryimage"},"image":{"@id":"https:\/\/www.painters.fi\/sv\/konstformedling\/#primaryimage"},"thumbnailUrl":"https:\/\/www.painters.fi\/wp-content\/uploads\/2025\/12\/IMGP9325-2-1024x769.jpeg","datePublished":"2016-01-26T10:11:59+00:00","dateModified":"2026-04-07T11:13:37+00:00","breadcrumb":{"@id":"https:\/\/www.painters.fi\/sv\/konstformedling\/#breadcrumb"},"inLanguage":"sv-SE","potentialAction":[{"@type":"ReadAction","target":["https:\/\/www.painters.fi\/sv\/konstformedling\/"]}]},{"@type":"ImageObject","inLanguage":"sv-SE","@id":"https:\/\/www.painters.fi\/sv\/konstformedling\/#primaryimage","url":"https:\/\/www.painters.fi\/wp-content\/uploads\/2025\/12\/IMGP9325-2-1024x769.jpeg","contentUrl":"https:\/\/www.painters.fi\/wp-content\/uploads\/2025\/12\/IMGP9325-2-1024x769.jpeg"},{"@type":"BreadcrumbList","@id":"https:\/\/www.painters.fi\/sv\/konstformedling\/#breadcrumb","itemListElement":[{"@type":"ListItem","position":1,"name":"Home","item":"https:\/\/www.painters.fi\/sv\/"},{"@type":"ListItem","position":2,"name":"Konstf\u00f6rmedling"}]},{"@type":"WebSite","@id":"https:\/\/www.painters.fi\/#website","url":"https:\/\/www.painters.fi\/","name":"Taidemaalariliitto","description":"","potentialAction":[{"@type":"SearchAction","target":{"@type":"EntryPoint","urlTemplate":"https:\/\/www.painters.fi\/?s={search_term_string}"},"query-input":{"@type":"PropertyValueSpecification","valueRequired":true,"valueName":"search_term_string"}}],"inLanguage":"sv-SE"}]}},"_links":{"self":[{"href":"https:\/\/www.painters.fi\/sv\/wp-json\/wp\/v2\/pages\/5183","targetHints":{"allow":["GET"]}}],"collection":[{"href":"https:\/\/www.painters.fi\/sv\/wp-json\/wp\/v2\/pages"}],"about":[{"href":"https:\/\/www.painters.fi\/sv\/wp-json\/wp\/v2\/types\/page"}],"author":[{"embeddable":true,"href":"https:\/\/www.painters.fi\/sv\/wp-json\/wp\/v2\/users\/1"}],"replies":[{"embeddable":true,"href":"https:\/\/www.painters.fi\/sv\/wp-json\/wp\/v2\/comments?post=5183"}],"version-history":[{"count":41,"href":"https:\/\/www.painters.fi\/sv\/wp-json\/wp\/v2\/pages\/5183\/revisions"}],"predecessor-version":[{"id":63973,"href":"https:\/\/www.painters.fi\/sv\/wp-json\/wp\/v2\/pages\/5183\/revisions\/63973"}],"wp:attachment":[{"href":"https:\/\/www.painters.fi\/sv\/wp-json\/wp\/v2\/media?parent=5183"}],"curies":[{"name":"wp","href":"https:\/\/api.w.org\/{rel}","templated":true}]}}