{"id":5126,"date":"2016-01-25T15:48:06","date_gmt":"2016-01-25T13:48:06","guid":{"rendered":"http:\/\/painters.wysiwyg.fi\/sv\/?page_id=5126"},"modified":"2016-01-26T12:30:35","modified_gmt":"2016-01-26T10:30:35","slug":"tm%e2%80%a2galleriet","status":"publish","type":"page","link":"https:\/\/www.painters.fi\/sv\/tm%e2%80%a2galleriet\/","title":{"rendered":"tm\u2022galleriet"},"content":{"rendered":"<p>Galleriet presenterar m\u00e5ngsidig i f\u00f6rsta hand ny inhemsk m\u00e5lningskonst. Var tredje vecka h\u00e5lls en ny utst\u00e4llning . Konstn\u00e4rerna v\u00e4ljs av utst\u00e4llningsn\u00e4mnden p\u00e5 basen av ans\u00f6kan.<\/p>\n<p>F\u00f6rbundet ordnar med j\u00e4mna mellanrum utst\u00e4llningar i samarbete med konstmus\u00e9er och andra utst\u00e4llningsutrymmen. \u00c4ven f\u00f6rbundets jubileums\u00e5r har firats med utst\u00e4llningar. Varje \u00e5r i mars ordnas ett konstverksf\u00f6rmedlingsevenemang.<\/p>\n<p>F\u00f6rbundet erbjuder expertis f\u00f6r alla som planerar att skaffa ett konstverk. Fr\u00e5n galleriet f\u00e5s \u00e4ven information om portr\u00e4ttm\u00e5lare samt om m\u00e5lare som bem\u00e4strar specialtekniker.<\/p>\n<p><a href=\"\/tmgalleria\/\">till Finska sidan<\/a><\/p>\n","protected":false},"excerpt":{"rendered":"<p>Galleriet presenterar m\u00e5ngsidig i f\u00f6rsta hand ny inhemsk m\u00e5lningskonst. Var tredje vecka h\u00e5lls en ny utst\u00e4llning . Konstn\u00e4rerna v\u00e4ljs av utst\u00e4llningsn\u00e4mnden p\u00e5 basen av ans\u00f6kan. F\u00f6rbundet ordnar med j\u00e4mna mellanrum utst\u00e4llningar i samarbete med konstmus\u00e9er och andra utst\u00e4llningsutrymmen. \u00c4ven f\u00f6rbundets jubileums\u00e5r har firats med utst\u00e4llningar. Varje \u00e5r i mars ordnas ett konstverksf\u00f6rmedlingsevenemang. F\u00f6rbundet erbjuder expertis &hellip; <a href=\"https:\/\/www.painters.fi\/sv\/tm%e2%80%a2galleriet\/\" class=\"more-link\">Continue reading <span class=\"screen-reader-text\">tm\u2022galleriet<\/span> <span class=\"meta-nav\">&raquo;<\/span><\/a><\/p>\n","protected":false},"author":1,"featured_media":0,"parent":0,"menu_order":0,"comment_status":"closed","ping_status":"closed","template":"","meta":{"_acf_changed":false,"_relevanssi_hide_post":"","_relevanssi_hide_content":"","_relevanssi_pin_for_all":"","_relevanssi_pin_keywords":"","_relevanssi_unpin_keywords":"","_relevanssi_related_keywords":"","_relevanssi_related_include_ids":"","_relevanssi_related_exclude_ids":"","_relevanssi_related_no_append":"","_relevanssi_related_not_related":"","_relevanssi_related_posts":"","_relevanssi_noindex_reason":"","footnotes":""},"class_list":["post-5126","page","type-page","status-publish","hentry"],"acf":[],"yoast_head":"<!-- This site is optimized with the Yoast SEO plugin v27.4 - https:\/\/yoast.com\/product\/yoast-seo-wordpress\/ -->\n<title>tm\u2022galleriet - Taidemaalariliitto<\/title>\n<meta name=\"robots\" content=\"index, follow, max-snippet:-1, max-image-preview:large, max-video-preview:-1\" \/>\n<link rel=\"canonical\" href=\"https:\/\/www.painters.fi\/sv\/tm\u2022galleriet\/\" \/>\n<meta property=\"og:locale\" content=\"sv_SE\" \/>\n<meta property=\"og:type\" content=\"article\" \/>\n<meta property=\"og:title\" content=\"tm\u2022galleriet - Taidemaalariliitto\" \/>\n<meta property=\"og:description\" content=\"Galleriet presenterar m\u00e5ngsidig i f\u00f6rsta hand ny inhemsk m\u00e5lningskonst. Var tredje vecka h\u00e5lls en ny utst\u00e4llning . Konstn\u00e4rerna v\u00e4ljs av utst\u00e4llningsn\u00e4mnden p\u00e5 basen av ans\u00f6kan. F\u00f6rbundet ordnar med j\u00e4mna mellanrum utst\u00e4llningar i samarbete med konstmus\u00e9er och andra utst\u00e4llningsutrymmen. \u00c4ven f\u00f6rbundets jubileums\u00e5r har firats med utst\u00e4llningar. Varje \u00e5r i mars ordnas ett konstverksf\u00f6rmedlingsevenemang. F\u00f6rbundet erbjuder expertis &hellip; Continue reading tm\u2022galleriet &raquo;\" \/>\n<meta property=\"og:url\" content=\"https:\/\/www.painters.fi\/sv\/tm\u2022galleriet\/\" \/>\n<meta property=\"og:site_name\" content=\"Taidemaalariliitto\" \/>\n<meta property=\"article:publisher\" content=\"https:\/\/www.facebook.com\/Taidemaalariliitto\" \/>\n<meta property=\"article:modified_time\" content=\"2016-01-26T10:30:35+00:00\" \/>\n<meta name=\"twitter:card\" content=\"summary_large_image\" \/>\n<meta name=\"twitter:site\" content=\"@tmliitto\" \/>\n<meta name=\"twitter:label1\" content=\"Ber\u00e4knad l\u00e4stid\" \/>\n\t<meta name=\"twitter:data1\" content=\"1 minut\" \/>\n<script type=\"application\/ld+json\" class=\"yoast-schema-graph\">{\"@context\":\"https:\\\/\\\/schema.org\",\"@graph\":[{\"@type\":\"WebPage\",\"@id\":\"https:\\\/\\\/www.painters.fi\\\/sv\\\/tm%e2%80%a2galleriet\\\/\",\"url\":\"https:\\\/\\\/www.painters.fi\\\/sv\\\/tm%e2%80%a2galleriet\\\/\",\"name\":\"tm\u2022galleriet - Taidemaalariliitto\",\"isPartOf\":{\"@id\":\"https:\\\/\\\/www.painters.fi\\\/#website\"},\"datePublished\":\"2016-01-25T13:48:06+00:00\",\"dateModified\":\"2016-01-26T10:30:35+00:00\",\"breadcrumb\":{\"@id\":\"https:\\\/\\\/www.painters.fi\\\/sv\\\/tm%e2%80%a2galleriet\\\/#breadcrumb\"},\"inLanguage\":\"sv-SE\",\"potentialAction\":[{\"@type\":\"ReadAction\",\"target\":[\"https:\\\/\\\/www.painters.fi\\\/sv\\\/tm%e2%80%a2galleriet\\\/\"]}]},{\"@type\":\"BreadcrumbList\",\"@id\":\"https:\\\/\\\/www.painters.fi\\\/sv\\\/tm%e2%80%a2galleriet\\\/#breadcrumb\",\"itemListElement\":[{\"@type\":\"ListItem\",\"position\":1,\"name\":\"Home\",\"item\":\"https:\\\/\\\/www.painters.fi\\\/sv\\\/\"},{\"@type\":\"ListItem\",\"position\":2,\"name\":\"tm\u2022galleriet\"}]},{\"@type\":\"WebSite\",\"@id\":\"https:\\\/\\\/www.painters.fi\\\/#website\",\"url\":\"https:\\\/\\\/www.painters.fi\\\/\",\"name\":\"Taidemaalariliitto\",\"description\":\"\",\"potentialAction\":[{\"@type\":\"SearchAction\",\"target\":{\"@type\":\"EntryPoint\",\"urlTemplate\":\"https:\\\/\\\/www.painters.fi\\\/?s={search_term_string}\"},\"query-input\":{\"@type\":\"PropertyValueSpecification\",\"valueRequired\":true,\"valueName\":\"search_term_string\"}}],\"inLanguage\":\"sv-SE\"}]}<\/script>\n<!-- \/ Yoast SEO plugin. -->","yoast_head_json":{"title":"tm\u2022galleriet - Taidemaalariliitto","robots":{"index":"index","follow":"follow","max-snippet":"max-snippet:-1","max-image-preview":"max-image-preview:large","max-video-preview":"max-video-preview:-1"},"canonical":"https:\/\/www.painters.fi\/sv\/tm\u2022galleriet\/","og_locale":"sv_SE","og_type":"article","og_title":"tm\u2022galleriet - Taidemaalariliitto","og_description":"Galleriet presenterar m\u00e5ngsidig i f\u00f6rsta hand ny inhemsk m\u00e5lningskonst. Var tredje vecka h\u00e5lls en ny utst\u00e4llning . Konstn\u00e4rerna v\u00e4ljs av utst\u00e4llningsn\u00e4mnden p\u00e5 basen av ans\u00f6kan. F\u00f6rbundet ordnar med j\u00e4mna mellanrum utst\u00e4llningar i samarbete med konstmus\u00e9er och andra utst\u00e4llningsutrymmen. \u00c4ven f\u00f6rbundets jubileums\u00e5r har firats med utst\u00e4llningar. Varje \u00e5r i mars ordnas ett konstverksf\u00f6rmedlingsevenemang. F\u00f6rbundet erbjuder expertis &hellip; Continue reading tm\u2022galleriet &raquo;","og_url":"https:\/\/www.painters.fi\/sv\/tm\u2022galleriet\/","og_site_name":"Taidemaalariliitto","article_publisher":"https:\/\/www.facebook.com\/Taidemaalariliitto","article_modified_time":"2016-01-26T10:30:35+00:00","twitter_card":"summary_large_image","twitter_site":"@tmliitto","twitter_misc":{"Ber\u00e4knad l\u00e4stid":"1 minut"},"schema":{"@context":"https:\/\/schema.org","@graph":[{"@type":"WebPage","@id":"https:\/\/www.painters.fi\/sv\/tm%e2%80%a2galleriet\/","url":"https:\/\/www.painters.fi\/sv\/tm%e2%80%a2galleriet\/","name":"tm\u2022galleriet - Taidemaalariliitto","isPartOf":{"@id":"https:\/\/www.painters.fi\/#website"},"datePublished":"2016-01-25T13:48:06+00:00","dateModified":"2016-01-26T10:30:35+00:00","breadcrumb":{"@id":"https:\/\/www.painters.fi\/sv\/tm%e2%80%a2galleriet\/#breadcrumb"},"inLanguage":"sv-SE","potentialAction":[{"@type":"ReadAction","target":["https:\/\/www.painters.fi\/sv\/tm%e2%80%a2galleriet\/"]}]},{"@type":"BreadcrumbList","@id":"https:\/\/www.painters.fi\/sv\/tm%e2%80%a2galleriet\/#breadcrumb","itemListElement":[{"@type":"ListItem","position":1,"name":"Home","item":"https:\/\/www.painters.fi\/sv\/"},{"@type":"ListItem","position":2,"name":"tm\u2022galleriet"}]},{"@type":"WebSite","@id":"https:\/\/www.painters.fi\/#website","url":"https:\/\/www.painters.fi\/","name":"Taidemaalariliitto","description":"","potentialAction":[{"@type":"SearchAction","target":{"@type":"EntryPoint","urlTemplate":"https:\/\/www.painters.fi\/?s={search_term_string}"},"query-input":{"@type":"PropertyValueSpecification","valueRequired":true,"valueName":"search_term_string"}}],"inLanguage":"sv-SE"}]}},"_links":{"self":[{"href":"https:\/\/www.painters.fi\/sv\/wp-json\/wp\/v2\/pages\/5126","targetHints":{"allow":["GET"]}}],"collection":[{"href":"https:\/\/www.painters.fi\/sv\/wp-json\/wp\/v2\/pages"}],"about":[{"href":"https:\/\/www.painters.fi\/sv\/wp-json\/wp\/v2\/types\/page"}],"author":[{"embeddable":true,"href":"https:\/\/www.painters.fi\/sv\/wp-json\/wp\/v2\/users\/1"}],"replies":[{"embeddable":true,"href":"https:\/\/www.painters.fi\/sv\/wp-json\/wp\/v2\/comments?post=5126"}],"version-history":[{"count":3,"href":"https:\/\/www.painters.fi\/sv\/wp-json\/wp\/v2\/pages\/5126\/revisions"}],"predecessor-version":[{"id":5245,"href":"https:\/\/www.painters.fi\/sv\/wp-json\/wp\/v2\/pages\/5126\/revisions\/5245"}],"wp:attachment":[{"href":"https:\/\/www.painters.fi\/sv\/wp-json\/wp\/v2\/media?parent=5126"}],"curies":[{"name":"wp","href":"https:\/\/api.w.org\/{rel}","templated":true}]}}