{"id":4904,"date":"2016-01-22T14:19:45","date_gmt":"2016-01-22T12:19:45","guid":{"rendered":"http:\/\/painters.wysiwyg.fi\/sv\/?page_id=4904"},"modified":"2026-04-02T10:42:40","modified_gmt":"2026-04-02T07:42:40","slug":"kontakt","status":"publish","type":"page","link":"https:\/\/www.painters.fi\/sv\/kontakt\/","title":{"rendered":"Kontakt"},"content":{"rendered":"<div id=\"attachment_4884\" style=\"width: 215px\" class=\"wp-caption alignright\"><a href=\"https:\/\/www.painters.fi\/wp-content\/uploads\/2016\/01\/map.png\" rel=\"attachment wp-att-4884\"><img loading=\"lazy\" decoding=\"async\" aria-describedby=\"caption-attachment-4884\" class=\"size-medium wp-image-4884\" src=\"https:\/\/www.painters.fi\/wp-content\/uploads\/2016\/01\/map-205x300.png\" alt=\"Skillnadsgatan 9 B (innerg\u00e5rden) 00130 Helsingfors fax: 09-6811 0550 Lokaltrafik - Sp\u00e5rvagn 10 - Buss 17\" width=\"205\" height=\"300\" srcset=\"https:\/\/www.painters.fi\/wp-content\/uploads\/2016\/01\/map-205x300.png 205w, https:\/\/www.painters.fi\/wp-content\/uploads\/2016\/01\/map-171x250.png 171w, https:\/\/www.painters.fi\/wp-content\/uploads\/2016\/01\/map.png 356w\" sizes=\"auto, (max-width: 205px) 100vw, 205px\" \/><\/a><p id=\"caption-attachment-4884\" class=\"wp-caption-text\">Skillnadsgatan 9 B (innerg\u00e5rd)<br \/>00130 Helsingfors<\/p>\n<p>Lokaltrafik<br \/>&#8211; Sp\u00e5rvagn 10<br \/>&#8211; Buss 24<\/p><\/div>\n<p>Skillnadsgatan 9 B (innerg\u00e5rd)<br \/>\n00130 Helsingfors<\/p>\n<p>Email: f\u00f6rnamn.sl\u00e4ktnamn@painters.fi<\/p>\n<h2><strong><br \/>\n<\/strong>F\u00f6rtroendem\u00e4n<strong><br \/>\n<\/strong><\/h2>\n<p>Ordf\u00f6rande <strong>Siiri Haarla<\/strong><strong><br \/>\n<\/strong><span style=\"font-size: 1rem;\">\u260f 040 725 7839<\/span><\/p>\n<h2><strong><br \/>\n<\/strong>Kontor<\/h2>\n<p>Direkt\u00f6r<strong> Elisa Lientola<br \/>\n<\/strong>(juridisk r\u00e5dgivning f\u00f6r medlemmar)<br \/>\n\u260f 044\u00a0766 4504<\/p>\n<p>Ekonomiplanerare\u00a0<strong>Eeva Kilpinen <\/strong><br \/>\n\u260f 044 722 0733<\/p>\n<p>Kommunikat\u00f6r och medlemsansvarig <strong>Johanna Lemettinen<\/strong><br \/>\n\u260f 044 722 0732 (m\u00e5n, tor, fre)<\/p>\n<p>Producent <strong>Saija Koponen<\/strong><br \/>\n(Finnish Painters -projekt, projekter, seminarier)<br \/>\n\u260f 044 722 0734 (m\u00e5n\u2013fre till 17.2.2025)<\/p>\n<h2><strong><br \/>\n<\/strong>tm\u2022galleri och Konstf\u00f6rmedling<\/h2>\n<p>Utst\u00e4llningskoordinator\u00a0<strong>Katariina Lager<\/strong><br \/>\n\u260f 044 722 0735 (m\u00e5n\u2013fre)<br \/>\ntmgalleria(a)painters.fi<\/p>\n<p>Projektsekreterare<strong> Leena R\u00e4s\u00e4nen<br \/>\n<\/strong>\u260f 044 722 0731 (tis\u2013fre)<br \/>\ntmgalleria(a)painters.fi<\/p>\n<p>Galleriassistent <b>Simo Mantere<\/b><strong><br \/>\n<\/strong>\u260f 044 722 0735 (l\u00f6r\u2013s\u00f6n)<br \/>\ntmgalleria(a)painters.fi<\/p>\n<p>Projektledare (Konstf\u00f6rmedling) <strong>Pekka Parviainen<br \/>\n<\/strong>\u260f 044 544 4449<br \/>\npekka.parviainen(a)painters.fi<\/p>\n<h2>Konstn\u00e4rsmaterial<\/h2>\n<p>F\u00f6rs\u00e4ljningsansvarig <strong>Ulla Saarinen<\/strong><br \/>\n\u260f 044 722 0736 (tis\u2013fre)<br \/>\nulla.saarinen(a)painters.fi<\/p>\n<p>Projektsekreterare <strong>Einari Hyv\u00f6nen<br \/>\n<\/strong>\u260f 044 722 0730 (tis-fre)<br \/>\ntmltarvikkeet(a)painters.fi<\/p>\n","protected":false},"excerpt":{"rendered":"<p>Skillnadsgatan 9 B (innerg\u00e5rd) 00130 Helsingfors Email: f\u00f6rnamn.sl\u00e4ktnamn@painters.fi F\u00f6rtroendem\u00e4n Ordf\u00f6rande Siiri Haarla \u260f 040 725 7839 Kontor Direkt\u00f6r Elisa Lientola (juridisk r\u00e5dgivning f\u00f6r medlemmar) \u260f 044\u00a0766 4504 Ekonomiplanerare\u00a0Eeva Kilpinen \u260f 044 722 0733 Kommunikat\u00f6r och medlemsansvarig Johanna Lemettinen \u260f 044 722 0732 (m\u00e5n, tor, fre) Producent Saija Koponen (Finnish Painters -projekt, projekter, seminarier) \u260f 044 &hellip; <a href=\"https:\/\/www.painters.fi\/sv\/kontakt\/\" class=\"more-link\">Continue reading <span class=\"screen-reader-text\">Kontakt<\/span> <span class=\"meta-nav\">&raquo;<\/span><\/a><\/p>\n","protected":false},"author":1,"featured_media":0,"parent":0,"menu_order":0,"comment_status":"closed","ping_status":"closed","template":"","meta":{"_acf_changed":false,"_relevanssi_hide_post":"","_relevanssi_hide_content":"","_relevanssi_pin_for_all":"","_relevanssi_pin_keywords":"","_relevanssi_unpin_keywords":"","_relevanssi_related_keywords":"","_relevanssi_related_include_ids":"","_relevanssi_related_exclude_ids":"","_relevanssi_related_no_append":"","_relevanssi_related_not_related":"","_relevanssi_related_posts":"","_relevanssi_noindex_reason":"","footnotes":""},"class_list":["post-4904","page","type-page","status-publish","hentry"],"acf":[],"yoast_head":"<!-- This site is optimized with the Yoast SEO plugin v27.3 - https:\/\/yoast.com\/product\/yoast-seo-wordpress\/ -->\n<title>Kontakt - Taidemaalariliitto<\/title>\n<meta name=\"robots\" content=\"index, follow, max-snippet:-1, max-image-preview:large, max-video-preview:-1\" \/>\n<link rel=\"canonical\" href=\"https:\/\/www.painters.fi\/sv\/kontakt\/\" \/>\n<meta property=\"og:locale\" content=\"sv_SE\" \/>\n<meta property=\"og:type\" content=\"article\" \/>\n<meta property=\"og:title\" content=\"Kontakt - Taidemaalariliitto\" \/>\n<meta property=\"og:description\" content=\"Skillnadsgatan 9 B (innerg\u00e5rd) 00130 Helsingfors Email: f\u00f6rnamn.sl\u00e4ktnamn@painters.fi F\u00f6rtroendem\u00e4n Ordf\u00f6rande Siiri Haarla \u260f 040 725 7839 Kontor Direkt\u00f6r Elisa Lientola (juridisk r\u00e5dgivning f\u00f6r medlemmar) \u260f 044\u00a0766 4504 Ekonomiplanerare\u00a0Eeva Kilpinen \u260f 044 722 0733 Kommunikat\u00f6r och medlemsansvarig Johanna Lemettinen \u260f 044 722 0732 (m\u00e5n, tor, fre) Producent Saija Koponen (Finnish Painters -projekt, projekter, seminarier) \u260f 044 &hellip; Continue reading Kontakt &raquo;\" \/>\n<meta property=\"og:url\" content=\"https:\/\/www.painters.fi\/sv\/kontakt\/\" \/>\n<meta property=\"og:site_name\" content=\"Taidemaalariliitto\" \/>\n<meta property=\"article:publisher\" content=\"https:\/\/www.facebook.com\/Taidemaalariliitto\" \/>\n<meta property=\"article:modified_time\" content=\"2026-04-02T07:42:40+00:00\" \/>\n<meta property=\"og:image\" content=\"https:\/\/www.painters.fi\/wp-content\/uploads\/2016\/01\/map.png\" \/>\n\t<meta property=\"og:image:width\" content=\"356\" \/>\n\t<meta property=\"og:image:height\" content=\"520\" \/>\n\t<meta property=\"og:image:type\" content=\"image\/png\" \/>\n<meta name=\"twitter:card\" content=\"summary_large_image\" \/>\n<meta name=\"twitter:site\" content=\"@tmliitto\" \/>\n<meta name=\"twitter:label1\" content=\"Ber\u00e4knad l\u00e4stid\" \/>\n\t<meta name=\"twitter:data1\" content=\"2 minuter\" \/>\n<script type=\"application\/ld+json\" class=\"yoast-schema-graph\">{\"@context\":\"https:\\\/\\\/schema.org\",\"@graph\":[{\"@type\":\"WebPage\",\"@id\":\"https:\\\/\\\/www.painters.fi\\\/sv\\\/kontakt\\\/\",\"url\":\"https:\\\/\\\/www.painters.fi\\\/sv\\\/kontakt\\\/\",\"name\":\"Kontakt - Taidemaalariliitto\",\"isPartOf\":{\"@id\":\"https:\\\/\\\/www.painters.fi\\\/#website\"},\"primaryImageOfPage\":{\"@id\":\"https:\\\/\\\/www.painters.fi\\\/sv\\\/kontakt\\\/#primaryimage\"},\"image\":{\"@id\":\"https:\\\/\\\/www.painters.fi\\\/sv\\\/kontakt\\\/#primaryimage\"},\"thumbnailUrl\":\"https:\\\/\\\/www.painters.fi\\\/wp-content\\\/uploads\\\/2016\\\/01\\\/map-205x300.png\",\"datePublished\":\"2016-01-22T12:19:45+00:00\",\"dateModified\":\"2026-04-02T07:42:40+00:00\",\"breadcrumb\":{\"@id\":\"https:\\\/\\\/www.painters.fi\\\/sv\\\/kontakt\\\/#breadcrumb\"},\"inLanguage\":\"sv-SE\",\"potentialAction\":[{\"@type\":\"ReadAction\",\"target\":[\"https:\\\/\\\/www.painters.fi\\\/sv\\\/kontakt\\\/\"]}]},{\"@type\":\"ImageObject\",\"inLanguage\":\"sv-SE\",\"@id\":\"https:\\\/\\\/www.painters.fi\\\/sv\\\/kontakt\\\/#primaryimage\",\"url\":\"https:\\\/\\\/www.painters.fi\\\/wp-content\\\/uploads\\\/2016\\\/01\\\/map-205x300.png\",\"contentUrl\":\"https:\\\/\\\/www.painters.fi\\\/wp-content\\\/uploads\\\/2016\\\/01\\\/map-205x300.png\"},{\"@type\":\"BreadcrumbList\",\"@id\":\"https:\\\/\\\/www.painters.fi\\\/sv\\\/kontakt\\\/#breadcrumb\",\"itemListElement\":[{\"@type\":\"ListItem\",\"position\":1,\"name\":\"Home\",\"item\":\"https:\\\/\\\/www.painters.fi\\\/sv\\\/\"},{\"@type\":\"ListItem\",\"position\":2,\"name\":\"Kontakt\"}]},{\"@type\":\"WebSite\",\"@id\":\"https:\\\/\\\/www.painters.fi\\\/#website\",\"url\":\"https:\\\/\\\/www.painters.fi\\\/\",\"name\":\"Taidemaalariliitto\",\"description\":\"\",\"potentialAction\":[{\"@type\":\"SearchAction\",\"target\":{\"@type\":\"EntryPoint\",\"urlTemplate\":\"https:\\\/\\\/www.painters.fi\\\/?s={search_term_string}\"},\"query-input\":{\"@type\":\"PropertyValueSpecification\",\"valueRequired\":true,\"valueName\":\"search_term_string\"}}],\"inLanguage\":\"sv-SE\"}]}<\/script>\n<!-- \/ Yoast SEO plugin. -->","yoast_head_json":{"title":"Kontakt - Taidemaalariliitto","robots":{"index":"index","follow":"follow","max-snippet":"max-snippet:-1","max-image-preview":"max-image-preview:large","max-video-preview":"max-video-preview:-1"},"canonical":"https:\/\/www.painters.fi\/sv\/kontakt\/","og_locale":"sv_SE","og_type":"article","og_title":"Kontakt - Taidemaalariliitto","og_description":"Skillnadsgatan 9 B (innerg\u00e5rd) 00130 Helsingfors Email: f\u00f6rnamn.sl\u00e4ktnamn@painters.fi F\u00f6rtroendem\u00e4n Ordf\u00f6rande Siiri Haarla \u260f 040 725 7839 Kontor Direkt\u00f6r Elisa Lientola (juridisk r\u00e5dgivning f\u00f6r medlemmar) \u260f 044\u00a0766 4504 Ekonomiplanerare\u00a0Eeva Kilpinen \u260f 044 722 0733 Kommunikat\u00f6r och medlemsansvarig Johanna Lemettinen \u260f 044 722 0732 (m\u00e5n, tor, fre) Producent Saija Koponen (Finnish Painters -projekt, projekter, seminarier) \u260f 044 &hellip; Continue reading Kontakt &raquo;","og_url":"https:\/\/www.painters.fi\/sv\/kontakt\/","og_site_name":"Taidemaalariliitto","article_publisher":"https:\/\/www.facebook.com\/Taidemaalariliitto","article_modified_time":"2026-04-02T07:42:40+00:00","og_image":[{"width":356,"height":520,"url":"https:\/\/www.painters.fi\/wp-content\/uploads\/2016\/01\/map.png","type":"image\/png"}],"twitter_card":"summary_large_image","twitter_site":"@tmliitto","twitter_misc":{"Ber\u00e4knad l\u00e4stid":"2 minuter"},"schema":{"@context":"https:\/\/schema.org","@graph":[{"@type":"WebPage","@id":"https:\/\/www.painters.fi\/sv\/kontakt\/","url":"https:\/\/www.painters.fi\/sv\/kontakt\/","name":"Kontakt - Taidemaalariliitto","isPartOf":{"@id":"https:\/\/www.painters.fi\/#website"},"primaryImageOfPage":{"@id":"https:\/\/www.painters.fi\/sv\/kontakt\/#primaryimage"},"image":{"@id":"https:\/\/www.painters.fi\/sv\/kontakt\/#primaryimage"},"thumbnailUrl":"https:\/\/www.painters.fi\/wp-content\/uploads\/2016\/01\/map-205x300.png","datePublished":"2016-01-22T12:19:45+00:00","dateModified":"2026-04-02T07:42:40+00:00","breadcrumb":{"@id":"https:\/\/www.painters.fi\/sv\/kontakt\/#breadcrumb"},"inLanguage":"sv-SE","potentialAction":[{"@type":"ReadAction","target":["https:\/\/www.painters.fi\/sv\/kontakt\/"]}]},{"@type":"ImageObject","inLanguage":"sv-SE","@id":"https:\/\/www.painters.fi\/sv\/kontakt\/#primaryimage","url":"https:\/\/www.painters.fi\/wp-content\/uploads\/2016\/01\/map-205x300.png","contentUrl":"https:\/\/www.painters.fi\/wp-content\/uploads\/2016\/01\/map-205x300.png"},{"@type":"BreadcrumbList","@id":"https:\/\/www.painters.fi\/sv\/kontakt\/#breadcrumb","itemListElement":[{"@type":"ListItem","position":1,"name":"Home","item":"https:\/\/www.painters.fi\/sv\/"},{"@type":"ListItem","position":2,"name":"Kontakt"}]},{"@type":"WebSite","@id":"https:\/\/www.painters.fi\/#website","url":"https:\/\/www.painters.fi\/","name":"Taidemaalariliitto","description":"","potentialAction":[{"@type":"SearchAction","target":{"@type":"EntryPoint","urlTemplate":"https:\/\/www.painters.fi\/?s={search_term_string}"},"query-input":{"@type":"PropertyValueSpecification","valueRequired":true,"valueName":"search_term_string"}}],"inLanguage":"sv-SE"}]}},"_links":{"self":[{"href":"https:\/\/www.painters.fi\/sv\/wp-json\/wp\/v2\/pages\/4904","targetHints":{"allow":["GET"]}}],"collection":[{"href":"https:\/\/www.painters.fi\/sv\/wp-json\/wp\/v2\/pages"}],"about":[{"href":"https:\/\/www.painters.fi\/sv\/wp-json\/wp\/v2\/types\/page"}],"author":[{"embeddable":true,"href":"https:\/\/www.painters.fi\/sv\/wp-json\/wp\/v2\/users\/1"}],"replies":[{"embeddable":true,"href":"https:\/\/www.painters.fi\/sv\/wp-json\/wp\/v2\/comments?post=4904"}],"version-history":[{"count":105,"href":"https:\/\/www.painters.fi\/sv\/wp-json\/wp\/v2\/pages\/4904\/revisions"}],"predecessor-version":[{"id":63957,"href":"https:\/\/www.painters.fi\/sv\/wp-json\/wp\/v2\/pages\/4904\/revisions\/63957"}],"wp:attachment":[{"href":"https:\/\/www.painters.fi\/sv\/wp-json\/wp\/v2\/media?parent=4904"}],"curies":[{"name":"wp","href":"https:\/\/api.w.org\/{rel}","templated":true}]}}