{"id":44892,"date":"2022-02-07T12:39:38","date_gmt":"2022-02-07T10:39:38","guid":{"rendered":"https:\/\/www.painters.fi\/?page_id=44892"},"modified":"2025-06-02T10:49:14","modified_gmt":"2025-06-02T07:49:14","slug":"finnish-painters","status":"publish","type":"page","link":"https:\/\/www.painters.fi\/sv\/finnish-painters\/","title":{"rendered":"Finnish Painters"},"content":{"rendered":"<h1><strong>Finnish Painters -projekt<\/strong><\/h1>\n<p>Projektet <em>Finnish Painters<\/em> fr\u00e4mjar finl\u00e4ndska m\u00e5lares internationella synlighet och n\u00e4tverkande samt \u00f6ppenheten f\u00f6r tillg\u00e5ng till internationella aktiviteter. M\u00e5let med projektet \u00e4r ett utrymme d\u00e4r finsk samtidskonst och m\u00e5leri \u00e4r internationellt erk\u00e4nd och efterfr\u00e5gad.<\/p>\n<p>M\u00e5larf\u00f6rbundet och <em>Finnish Painters<\/em> -projektet lanserade webbplatsen <a href=\"https:\/\/finnishpainters.fi\/\" target=\"_blank\" rel=\"noopener\">finnishpainters.fi<\/a> i samband med Supermarket Art Fair i Stockholm i oktober 2021. Sajten lyfter fram finska m\u00e5lare och m\u00e5ngfalden av m\u00e5leri och fungerar som en kanal mellan internationella konstproffs och finska samtida m\u00e5lare. Det \u00e4r den f\u00f6rsta engelskspr\u00e5kiga sajten som presenterar finl\u00e4ndska m\u00e5lare i stor utstr\u00e4ckning men p\u00e5 ett kurerat s\u00e4tt. Sajten publiceras av totalt 50 konstn\u00e4rer, som kan bl\u00e4ddras efter namn, konstteman, \u00e5lder och bostadsort. P\u00e5 hemsidan kan bes\u00f6karna tagga sina favoritkonstn\u00e4rer och konstverk och g\u00f6ra egna samlingar p\u00e5 detta s\u00e4tt. M\u00e5larna som visas p\u00e5 webbplatsen \u00e4r kurerade av medlemmar i M\u00e5larf\u00f6rbundet. Tj\u00e4nsten \u00e4r gratis f\u00f6r alla deltagare.<\/p>\n<p>F\u00f6rutom konstn\u00e4rspresentationer publicerar webbplatsen texter om finskt m\u00e5leri och m\u00e5lare fr\u00e5n b\u00e5de finl\u00e4ndska och utl\u00e4ndska f\u00f6retr\u00e4dare f\u00f6r konstomr\u00e5det. Den f\u00f6rsta artikeln som publiceras p\u00e5 webbplatsen \u00e4r en ess\u00e4 av <em>Leevi Haapala<\/em>, chef f\u00f6r Museet f\u00f6r nutidskonst Kiasma, d\u00e4r han diskuterar de faktorer som best\u00e4mmer finl\u00e4ndska m\u00e5lare och m\u00e5leri.<\/p>\n<p>F\u00f6rutom att publicera och underh\u00e5lla Finlands m\u00e5lares webbplats kommer projektet att utveckla st\u00f6dtj\u00e4nster f\u00f6r medlemmar i M\u00e5larf\u00f6rbundet och knyta kontakter med b\u00e5de finl\u00e4ndska och utl\u00e4ndska akt\u00f6rer inom bildkonstomr\u00e5det.<\/p>\n<p>M\u00e5laref\u00f6rbundet \u00e4r en rikst\u00e4ckande f\u00f6rening av professionella m\u00e5lare. F\u00f6reningen arbetar f\u00f6r att f\u00f6rb\u00e4ttra bildkonstn\u00e4rernas yrkesm\u00e4ssiga och sociala intressen och f\u00f6r att fr\u00e4mja synlighet och uppskattning av bildkonsten. Ett av m\u00e5len f\u00f6r M\u00e5larf\u00f6rbundet \u00e4r att \u00f6ka det internationella erk\u00e4nnandet och efterfr\u00e5gan p\u00e5 finsk samtidskonst och m\u00e5leri. Webbplatsen f\u00f6r finska m\u00e5lare har implementerats med hj\u00e4lp av Saastamoinen stiftelsen.<\/p>\n<p><strong>L\u00e4nk till hemsidan:<\/strong> <a href=\"https:\/\/finnishpainters.fi\">https:\/\/finnishpainters.fi<\/a><\/p>\n<p><a href=\"https:\/\/saastamoinenfoundation.fi\">https:\/\/saastamoinenfoundation.fi<\/a><\/p>\n<p>&nbsp;<\/p>\n<p><strong>Konstn\u00e4rer:<\/strong> \u00a0<em>Erika Adamsson, Malin Ahlsved, Henna Aho, Petri Ala-Maunus, P\u00e4ivikki Alar\u00e4ih\u00e4, Timo Andersson, Sampo Apajalahti, Roy Aurinko, Elina Autio, Jesse Avdeikov, Stig Baumgartner, Eeva-Riitta Eerola, Toni Elg, Matilda Enegren, Elina F\u00f6rsti, Jussi Goman, Taru Happonen, Sami Havia, Hannaleena Heiska, Tiina Heiska, Karoliina Hellberg, Kaija Hinkula, Eveliina H\u00e4m\u00e4l\u00e4inen, Lotta Ingman, Petra Innanen, Sylvia Jav\u00e9n, Henna Jula, Topi Juntunen, Lasse Juuti, Mikko Kallio, Sirkku Kanervo, Hanna Kanto, Haruka Kashima, Henni Kitti, Jukka Korkeila , Sami Korkiakoski, Teemu Korpela, Essi Kuokkanen, J-P K\u00f6ykk\u00e4, Santeri Lehto, Sami Lukkarinen, Emma Luukkala, Ville L\u00f6pp\u00f6nen, Raija Malka, Heikki Marila, Tiina Mielonen, Katri Mononen, Teemu M\u00e4ki, Jarmo M\u00e4kil\u00e4, Rauha M\u00e4kil\u00e4, Vilma M\u00e4\u00e4tt\u00e4nen, nabbteeri, Reima Nevalainen, Jussi Niva, Tiina Nurminen, Sara Orava, Eeva Peura, Tamara Piilola, Siiri Pohjolainen, Tiina Pyykkinen, Raisa Raekallio ja Misha del Val, Jarkko Rantanen, Matti Rantanen , Satu Rautiainen, Anna Retulainen, Nina Roos, Linda Roschier, Elina Ruohonen, Hanna Saarikoski, Stiina Saaristo, Elsa Salonen, Jukka Siikala, Alina Sinivaara, Hemmo Siponen, Joel Slotte, Rose-Mari Torpo , Katja Tukiainen, Kirsti Tuokko, Anna Tuori, Marianna Uutinen, Juha Vanonen, Kari Vehosalo, Mirimari V\u00e4yrynen , Viggo Wallensk\u00f6ld, Jenni Ypp\u00e4ril\u00e4<\/em><\/p>\n<p>&nbsp;<\/p>\n<p>&nbsp;<\/p>\n<p><img loading=\"lazy\" decoding=\"async\" class=\"alignleft size-full wp-image-43865\" src=\"https:\/\/www.painters.fi\/wp-content\/uploads\/2021\/10\/logo_ff.jpg\" alt=\"\" width=\"197\" height=\"77\" \/><\/p>\n<p>&nbsp;<\/p>\n<p>&nbsp;<\/p>\n<p>&nbsp;<\/p>\n<p><img loading=\"lazy\" decoding=\"async\" class=\"alignleft size-medium wp-image-43078\" src=\"https:\/\/www.painters.fi\/wp-content\/uploads\/2021\/06\/SAS_text_logo_URL_FIN-300x114.jpg\" alt=\"\" width=\"300\" height=\"114\" srcset=\"https:\/\/www.painters.fi\/wp-content\/uploads\/2021\/06\/SAS_text_logo_URL_FIN-300x114.jpg 300w, https:\/\/www.painters.fi\/wp-content\/uploads\/2021\/06\/SAS_text_logo_URL_FIN-650x247.jpg 650w, https:\/\/www.painters.fi\/wp-content\/uploads\/2021\/06\/SAS_text_logo_URL_FIN-659x250.jpg 659w, https:\/\/www.painters.fi\/wp-content\/uploads\/2021\/06\/SAS_text_logo_URL_FIN-685x260.jpg 685w, https:\/\/www.painters.fi\/wp-content\/uploads\/2021\/06\/SAS_text_logo_URL_FIN-600x228.jpg 600w, https:\/\/www.painters.fi\/wp-content\/uploads\/2021\/06\/SAS_text_logo_URL_FIN.jpg 896w\" sizes=\"auto, (max-width: 300px) 100vw, 300px\" \/><\/p>\n<p>&nbsp;<\/p>\n<p>&nbsp;<\/p>\n<p>&nbsp;<\/p>\n<p>&nbsp;<\/p>\n<p><img loading=\"lazy\" decoding=\"async\" class=\"alignleft size-medium wp-image-52382\" src=\"https:\/\/www.painters.fi\/wp-content\/uploads\/2023\/09\/OKM-logo-2R-fi-musta-L100-RGB-300x77.png\" alt=\"\" width=\"300\" height=\"77\" srcset=\"https:\/\/www.painters.fi\/wp-content\/uploads\/2023\/09\/OKM-logo-2R-fi-musta-L100-RGB-300x77.png 300w, https:\/\/www.painters.fi\/wp-content\/uploads\/2023\/09\/OKM-logo-2R-fi-musta-L100-RGB-1024x261.png 1024w, https:\/\/www.painters.fi\/wp-content\/uploads\/2023\/09\/OKM-logo-2R-fi-musta-L100-RGB-1536x392.png 1536w, https:\/\/www.painters.fi\/wp-content\/uploads\/2023\/09\/OKM-logo-2R-fi-musta-L100-RGB-650x166.png 650w, https:\/\/www.painters.fi\/wp-content\/uploads\/2023\/09\/OKM-logo-2R-fi-musta-L100-RGB-980x250.png 980w, https:\/\/www.painters.fi\/wp-content\/uploads\/2023\/09\/OKM-logo-2R-fi-musta-L100-RGB-685x175.png 685w, https:\/\/www.painters.fi\/wp-content\/uploads\/2023\/09\/OKM-logo-2R-fi-musta-L100-RGB-600x153.png 600w, https:\/\/www.painters.fi\/wp-content\/uploads\/2023\/09\/OKM-logo-2R-fi-musta-L100-RGB.png 2046w\" sizes=\"auto, (max-width: 300px) 100vw, 300px\" \/><\/p>\n<p>&nbsp;<\/p>\n<p>&nbsp;<\/p>\n<p>&nbsp;<\/p>\n<p><img loading=\"lazy\" decoding=\"async\" class=\"alignleft wp-image-47532\" src=\"https:\/\/www.painters.fi\/wp-content\/uploads\/2023\/02\/logo_skr_vihrea_pieni-200x200.jpg\" alt=\"\" width=\"140\" height=\"136\" srcset=\"https:\/\/www.painters.fi\/wp-content\/uploads\/2023\/02\/logo_skr_vihrea_pieni-300x291.jpg 300w, https:\/\/www.painters.fi\/wp-content\/uploads\/2023\/02\/logo_skr_vihrea_pieni-258x250.jpg 258w, https:\/\/www.painters.fi\/wp-content\/uploads\/2023\/02\/logo_skr_vihrea_pieni.jpg 500w\" sizes=\"auto, (max-width: 140px) 100vw, 140px\" \/><\/p>\n<p>&nbsp;<\/p>\n","protected":false},"excerpt":{"rendered":"<p>Finnish Painters -projekt Projektet Finnish Painters fr\u00e4mjar finl\u00e4ndska m\u00e5lares internationella synlighet och n\u00e4tverkande samt \u00f6ppenheten f\u00f6r tillg\u00e5ng till internationella aktiviteter. M\u00e5let med projektet \u00e4r ett utrymme d\u00e4r finsk samtidskonst och m\u00e5leri \u00e4r internationellt erk\u00e4nd och efterfr\u00e5gad. M\u00e5larf\u00f6rbundet och Finnish Painters -projektet lanserade webbplatsen finnishpainters.fi i samband med Supermarket Art Fair i Stockholm i oktober 2021. &hellip; <a href=\"https:\/\/www.painters.fi\/sv\/finnish-painters\/\" class=\"more-link\">Continue reading <span class=\"screen-reader-text\">Finnish Painters<\/span> <span class=\"meta-nav\">&raquo;<\/span><\/a><\/p>\n","protected":false},"author":3891,"featured_media":0,"parent":0,"menu_order":0,"comment_status":"closed","ping_status":"closed","template":"","meta":{"_acf_changed":false,"_relevanssi_hide_post":"","_relevanssi_hide_content":"","_relevanssi_pin_for_all":"","_relevanssi_pin_keywords":"","_relevanssi_unpin_keywords":"","_relevanssi_related_keywords":"","_relevanssi_related_include_ids":"","_relevanssi_related_exclude_ids":"","_relevanssi_related_no_append":"","_relevanssi_related_not_related":"","_relevanssi_related_posts":"","_relevanssi_noindex_reason":"","footnotes":""},"class_list":["post-44892","page","type-page","status-publish","hentry"],"acf":[],"yoast_head":"<!-- This site is optimized with the Yoast SEO plugin v27.3 - https:\/\/yoast.com\/product\/yoast-seo-wordpress\/ -->\n<title>Finnish Painters - Taidemaalariliitto<\/title>\n<meta name=\"robots\" content=\"index, follow, max-snippet:-1, max-image-preview:large, max-video-preview:-1\" \/>\n<link rel=\"canonical\" href=\"https:\/\/www.painters.fi\/sv\/finnish-painters\/\" \/>\n<meta property=\"og:locale\" content=\"sv_SE\" \/>\n<meta property=\"og:type\" content=\"article\" \/>\n<meta property=\"og:title\" content=\"Finnish Painters - Taidemaalariliitto\" \/>\n<meta property=\"og:description\" content=\"Finnish Painters -projekt Projektet Finnish Painters fr\u00e4mjar finl\u00e4ndska m\u00e5lares internationella synlighet och n\u00e4tverkande samt \u00f6ppenheten f\u00f6r tillg\u00e5ng till internationella aktiviteter. M\u00e5let med projektet \u00e4r ett utrymme d\u00e4r finsk samtidskonst och m\u00e5leri \u00e4r internationellt erk\u00e4nd och efterfr\u00e5gad. M\u00e5larf\u00f6rbundet och Finnish Painters -projektet lanserade webbplatsen finnishpainters.fi i samband med Supermarket Art Fair i Stockholm i oktober 2021. &hellip; Continue reading Finnish Painters &raquo;\" \/>\n<meta property=\"og:url\" content=\"https:\/\/www.painters.fi\/sv\/finnish-painters\/\" \/>\n<meta property=\"og:site_name\" content=\"Taidemaalariliitto\" \/>\n<meta property=\"article:publisher\" content=\"https:\/\/www.facebook.com\/Taidemaalariliitto\" \/>\n<meta property=\"article:modified_time\" content=\"2025-06-02T07:49:14+00:00\" \/>\n<meta property=\"og:image\" content=\"https:\/\/www.painters.fi\/wp-content\/uploads\/2021\/10\/logo_ff.jpg\" \/>\n\t<meta property=\"og:image:width\" content=\"197\" \/>\n\t<meta property=\"og:image:height\" content=\"77\" \/>\n\t<meta property=\"og:image:type\" content=\"image\/jpeg\" \/>\n<meta name=\"twitter:card\" content=\"summary_large_image\" \/>\n<meta name=\"twitter:site\" content=\"@tmliitto\" \/>\n<meta name=\"twitter:label1\" content=\"Ber\u00e4knad l\u00e4stid\" \/>\n\t<meta name=\"twitter:data1\" content=\"4 minuter\" \/>\n<script type=\"application\/ld+json\" class=\"yoast-schema-graph\">{\"@context\":\"https:\\\/\\\/schema.org\",\"@graph\":[{\"@type\":\"WebPage\",\"@id\":\"https:\\\/\\\/www.painters.fi\\\/sv\\\/finnish-painters\\\/\",\"url\":\"https:\\\/\\\/www.painters.fi\\\/sv\\\/finnish-painters\\\/\",\"name\":\"Finnish Painters - Taidemaalariliitto\",\"isPartOf\":{\"@id\":\"https:\\\/\\\/www.painters.fi\\\/#website\"},\"primaryImageOfPage\":{\"@id\":\"https:\\\/\\\/www.painters.fi\\\/sv\\\/finnish-painters\\\/#primaryimage\"},\"image\":{\"@id\":\"https:\\\/\\\/www.painters.fi\\\/sv\\\/finnish-painters\\\/#primaryimage\"},\"thumbnailUrl\":\"https:\\\/\\\/www.painters.fi\\\/wp-content\\\/uploads\\\/2021\\\/10\\\/logo_ff.jpg\",\"datePublished\":\"2022-02-07T10:39:38+00:00\",\"dateModified\":\"2025-06-02T07:49:14+00:00\",\"breadcrumb\":{\"@id\":\"https:\\\/\\\/www.painters.fi\\\/sv\\\/finnish-painters\\\/#breadcrumb\"},\"inLanguage\":\"sv-SE\",\"potentialAction\":[{\"@type\":\"ReadAction\",\"target\":[\"https:\\\/\\\/www.painters.fi\\\/sv\\\/finnish-painters\\\/\"]}]},{\"@type\":\"ImageObject\",\"inLanguage\":\"sv-SE\",\"@id\":\"https:\\\/\\\/www.painters.fi\\\/sv\\\/finnish-painters\\\/#primaryimage\",\"url\":\"https:\\\/\\\/www.painters.fi\\\/wp-content\\\/uploads\\\/2021\\\/10\\\/logo_ff.jpg\",\"contentUrl\":\"https:\\\/\\\/www.painters.fi\\\/wp-content\\\/uploads\\\/2021\\\/10\\\/logo_ff.jpg\"},{\"@type\":\"BreadcrumbList\",\"@id\":\"https:\\\/\\\/www.painters.fi\\\/sv\\\/finnish-painters\\\/#breadcrumb\",\"itemListElement\":[{\"@type\":\"ListItem\",\"position\":1,\"name\":\"Home\",\"item\":\"https:\\\/\\\/www.painters.fi\\\/sv\\\/\"},{\"@type\":\"ListItem\",\"position\":2,\"name\":\"Finnish Painters\"}]},{\"@type\":\"WebSite\",\"@id\":\"https:\\\/\\\/www.painters.fi\\\/#website\",\"url\":\"https:\\\/\\\/www.painters.fi\\\/\",\"name\":\"Taidemaalariliitto\",\"description\":\"\",\"potentialAction\":[{\"@type\":\"SearchAction\",\"target\":{\"@type\":\"EntryPoint\",\"urlTemplate\":\"https:\\\/\\\/www.painters.fi\\\/?s={search_term_string}\"},\"query-input\":{\"@type\":\"PropertyValueSpecification\",\"valueRequired\":true,\"valueName\":\"search_term_string\"}}],\"inLanguage\":\"sv-SE\"}]}<\/script>\n<!-- \/ Yoast SEO plugin. -->","yoast_head_json":{"title":"Finnish Painters - Taidemaalariliitto","robots":{"index":"index","follow":"follow","max-snippet":"max-snippet:-1","max-image-preview":"max-image-preview:large","max-video-preview":"max-video-preview:-1"},"canonical":"https:\/\/www.painters.fi\/sv\/finnish-painters\/","og_locale":"sv_SE","og_type":"article","og_title":"Finnish Painters - Taidemaalariliitto","og_description":"Finnish Painters -projekt Projektet Finnish Painters fr\u00e4mjar finl\u00e4ndska m\u00e5lares internationella synlighet och n\u00e4tverkande samt \u00f6ppenheten f\u00f6r tillg\u00e5ng till internationella aktiviteter. M\u00e5let med projektet \u00e4r ett utrymme d\u00e4r finsk samtidskonst och m\u00e5leri \u00e4r internationellt erk\u00e4nd och efterfr\u00e5gad. M\u00e5larf\u00f6rbundet och Finnish Painters -projektet lanserade webbplatsen finnishpainters.fi i samband med Supermarket Art Fair i Stockholm i oktober 2021. &hellip; Continue reading Finnish Painters &raquo;","og_url":"https:\/\/www.painters.fi\/sv\/finnish-painters\/","og_site_name":"Taidemaalariliitto","article_publisher":"https:\/\/www.facebook.com\/Taidemaalariliitto","article_modified_time":"2025-06-02T07:49:14+00:00","og_image":[{"width":197,"height":77,"url":"https:\/\/www.painters.fi\/wp-content\/uploads\/2021\/10\/logo_ff.jpg","type":"image\/jpeg"}],"twitter_card":"summary_large_image","twitter_site":"@tmliitto","twitter_misc":{"Ber\u00e4knad l\u00e4stid":"4 minuter"},"schema":{"@context":"https:\/\/schema.org","@graph":[{"@type":"WebPage","@id":"https:\/\/www.painters.fi\/sv\/finnish-painters\/","url":"https:\/\/www.painters.fi\/sv\/finnish-painters\/","name":"Finnish Painters - Taidemaalariliitto","isPartOf":{"@id":"https:\/\/www.painters.fi\/#website"},"primaryImageOfPage":{"@id":"https:\/\/www.painters.fi\/sv\/finnish-painters\/#primaryimage"},"image":{"@id":"https:\/\/www.painters.fi\/sv\/finnish-painters\/#primaryimage"},"thumbnailUrl":"https:\/\/www.painters.fi\/wp-content\/uploads\/2021\/10\/logo_ff.jpg","datePublished":"2022-02-07T10:39:38+00:00","dateModified":"2025-06-02T07:49:14+00:00","breadcrumb":{"@id":"https:\/\/www.painters.fi\/sv\/finnish-painters\/#breadcrumb"},"inLanguage":"sv-SE","potentialAction":[{"@type":"ReadAction","target":["https:\/\/www.painters.fi\/sv\/finnish-painters\/"]}]},{"@type":"ImageObject","inLanguage":"sv-SE","@id":"https:\/\/www.painters.fi\/sv\/finnish-painters\/#primaryimage","url":"https:\/\/www.painters.fi\/wp-content\/uploads\/2021\/10\/logo_ff.jpg","contentUrl":"https:\/\/www.painters.fi\/wp-content\/uploads\/2021\/10\/logo_ff.jpg"},{"@type":"BreadcrumbList","@id":"https:\/\/www.painters.fi\/sv\/finnish-painters\/#breadcrumb","itemListElement":[{"@type":"ListItem","position":1,"name":"Home","item":"https:\/\/www.painters.fi\/sv\/"},{"@type":"ListItem","position":2,"name":"Finnish Painters"}]},{"@type":"WebSite","@id":"https:\/\/www.painters.fi\/#website","url":"https:\/\/www.painters.fi\/","name":"Taidemaalariliitto","description":"","potentialAction":[{"@type":"SearchAction","target":{"@type":"EntryPoint","urlTemplate":"https:\/\/www.painters.fi\/?s={search_term_string}"},"query-input":{"@type":"PropertyValueSpecification","valueRequired":true,"valueName":"search_term_string"}}],"inLanguage":"sv-SE"}]}},"_links":{"self":[{"href":"https:\/\/www.painters.fi\/sv\/wp-json\/wp\/v2\/pages\/44892","targetHints":{"allow":["GET"]}}],"collection":[{"href":"https:\/\/www.painters.fi\/sv\/wp-json\/wp\/v2\/pages"}],"about":[{"href":"https:\/\/www.painters.fi\/sv\/wp-json\/wp\/v2\/types\/page"}],"author":[{"embeddable":true,"href":"https:\/\/www.painters.fi\/sv\/wp-json\/wp\/v2\/users\/3891"}],"replies":[{"embeddable":true,"href":"https:\/\/www.painters.fi\/sv\/wp-json\/wp\/v2\/comments?post=44892"}],"version-history":[{"count":14,"href":"https:\/\/www.painters.fi\/sv\/wp-json\/wp\/v2\/pages\/44892\/revisions"}],"predecessor-version":[{"id":60462,"href":"https:\/\/www.painters.fi\/sv\/wp-json\/wp\/v2\/pages\/44892\/revisions\/60462"}],"wp:attachment":[{"href":"https:\/\/www.painters.fi\/sv\/wp-json\/wp\/v2\/media?parent=44892"}],"curies":[{"name":"wp","href":"https:\/\/api.w.org\/{rel}","templated":true}]}}