{"id":4484,"date":"2016-01-19T14:38:43","date_gmt":"2016-01-19T12:38:43","guid":{"rendered":"http:\/\/painters.wysiwyg.fi\/sv\/?page_id=4484"},"modified":"2024-12-19T15:35:50","modified_gmt":"2024-12-19T13:35:50","slug":"malarforbundet","status":"publish","type":"page","link":"https:\/\/www.painters.fi\/sv\/malarforbundet\/","title":{"rendered":"M\u00e5larf\u00f6rbundet"},"content":{"rendered":"<p>M\u00e5larf\u00f6rbundet, som grundades \u00e5r 1929, \u00e4r en riksomfattande organisation f\u00f6r finl\u00e4ndska yrkesm\u00e5lare. F\u00f6rbundet arbetar f\u00f6r att befr\u00e4mja bildkonsten samt f\u00f6r att f\u00f6rb\u00e4ttra konstn\u00e4rernas yrkesm\u00e4ssiga och sociala f\u00f6rm\u00e5ner. Sina medlemmar erbjuder f\u00f6rbundet olika slags tj\u00e4nster. Konstn\u00e4rerna erbjuds bl.a. r\u00e5dgivning om beskattning och inkomstst\u00f6d. Medlemmarna informeras om aktuella yrkesm\u00e4ssiga evenemang i medlemsbrev som utkommer regelbundet. F\u00f6rbundet verkar \u00e4ven som en bildkonstexpert gentemot myndigheterna.<\/p>\n<p>F\u00f6rbundets galleri &#8211; tm\u2022galleriet, f\u00f6rmedlingen av konstn\u00e4rsmaterial och M\u00e5larf\u00f6rbundets kansli \u00e4r bel\u00e4get i Helsingfors. F\u00f6rbundet verkar i samarbete med Finska Bildhuggarf\u00f6rbundet, Finlands Konstgrafiker, F\u00f6reningen f\u00f6r Fotografiska Konstn\u00e4rer, Finlands Bildkonstorganisationers F\u00f6rbund samt Konstn\u00e4rgillet i Finland.<\/p>\n<h2>F\u00f6rmedling av konstn\u00e4rsmaterial<\/h2>\n<p>Syftet med f\u00f6rmedlingen av konstn\u00e4rsmaterial \u00e4r att garantera att yrkesm\u00e5larna har tillg\u00e5ng till ett l\u00e4mpligt urval redskap och material till sj\u00e4lvkostnadspris.<\/p>\n<h2>Medlemmar<\/h2>\n<p>Som ordinariemedlemmar i f\u00f6rbundet kan godk\u00e4nnas meriterade bildkonstn\u00e4rer. Som medlemsaspiranter kan antas konstn\u00e4rer som f\u00e5tt konstn\u00e4rlig yrkesutbildning eller som har motsvarande kunskaper och f\u00e4rdigheter. F\u00f6rbundet har ungef\u00e4r 1 600 medlemmar.<\/p>\n<h2>Administration<\/h2>\n<p>Det h\u00f6gsta beslutsfattande organet i M\u00e5larf\u00f6rbundet \u00e4r de m\u00f6ten som alla medlemmar kan delta i. F\u00f6rbundets \u00e4renden sk\u00f6ts av styrelsen som medlemmarna valt. Styrelsen byts ut vartannat \u00e5r.<\/p>\n","protected":false},"excerpt":{"rendered":"<p>M\u00e5larf\u00f6rbundet, som grundades \u00e5r 1929, \u00e4r en riksomfattande organisation f\u00f6r finl\u00e4ndska yrkesm\u00e5lare. F\u00f6rbundet arbetar f\u00f6r att befr\u00e4mja bildkonsten samt f\u00f6r att f\u00f6rb\u00e4ttra konstn\u00e4rernas yrkesm\u00e4ssiga och sociala f\u00f6rm\u00e5ner. Sina medlemmar erbjuder f\u00f6rbundet olika slags tj\u00e4nster. Konstn\u00e4rerna erbjuds bl.a. r\u00e5dgivning om beskattning och inkomstst\u00f6d. Medlemmarna informeras om aktuella yrkesm\u00e4ssiga evenemang i medlemsbrev som utkommer regelbundet. F\u00f6rbundet verkar &hellip; <a href=\"https:\/\/www.painters.fi\/sv\/malarforbundet\/\" class=\"more-link\">Continue reading <span class=\"screen-reader-text\">M\u00e5larf\u00f6rbundet<\/span> <span class=\"meta-nav\">&raquo;<\/span><\/a><\/p>\n","protected":false},"author":1,"featured_media":0,"parent":0,"menu_order":0,"comment_status":"closed","ping_status":"closed","template":"","meta":{"_acf_changed":false,"_relevanssi_hide_post":"","_relevanssi_hide_content":"","_relevanssi_pin_for_all":"","_relevanssi_pin_keywords":"","_relevanssi_unpin_keywords":"","_relevanssi_related_keywords":"","_relevanssi_related_include_ids":"","_relevanssi_related_exclude_ids":"","_relevanssi_related_no_append":"","_relevanssi_related_not_related":"","_relevanssi_related_posts":"","_relevanssi_noindex_reason":"","footnotes":""},"class_list":["post-4484","page","type-page","status-publish","hentry"],"acf":[],"yoast_head":"<!-- This site is optimized with the Yoast SEO plugin v27.4 - https:\/\/yoast.com\/product\/yoast-seo-wordpress\/ -->\n<title>M\u00e5larf\u00f6rbundet - Taidemaalariliitto<\/title>\n<meta name=\"robots\" content=\"index, follow, max-snippet:-1, max-image-preview:large, max-video-preview:-1\" \/>\n<link rel=\"canonical\" href=\"https:\/\/www.painters.fi\/sv\/malarforbundet\/\" \/>\n<meta property=\"og:locale\" content=\"sv_SE\" \/>\n<meta property=\"og:type\" content=\"article\" \/>\n<meta property=\"og:title\" content=\"M\u00e5larf\u00f6rbundet - Taidemaalariliitto\" \/>\n<meta property=\"og:description\" content=\"M\u00e5larf\u00f6rbundet, som grundades \u00e5r 1929, \u00e4r en riksomfattande organisation f\u00f6r finl\u00e4ndska yrkesm\u00e5lare. F\u00f6rbundet arbetar f\u00f6r att befr\u00e4mja bildkonsten samt f\u00f6r att f\u00f6rb\u00e4ttra konstn\u00e4rernas yrkesm\u00e4ssiga och sociala f\u00f6rm\u00e5ner. Sina medlemmar erbjuder f\u00f6rbundet olika slags tj\u00e4nster. Konstn\u00e4rerna erbjuds bl.a. r\u00e5dgivning om beskattning och inkomstst\u00f6d. Medlemmarna informeras om aktuella yrkesm\u00e4ssiga evenemang i medlemsbrev som utkommer regelbundet. F\u00f6rbundet verkar &hellip; Continue reading M\u00e5larf\u00f6rbundet &raquo;\" \/>\n<meta property=\"og:url\" content=\"https:\/\/www.painters.fi\/sv\/malarforbundet\/\" \/>\n<meta property=\"og:site_name\" content=\"Taidemaalariliitto\" \/>\n<meta property=\"article:publisher\" content=\"https:\/\/www.facebook.com\/Taidemaalariliitto\" \/>\n<meta property=\"article:modified_time\" content=\"2024-12-19T13:35:50+00:00\" \/>\n<meta name=\"twitter:card\" content=\"summary_large_image\" \/>\n<meta name=\"twitter:site\" content=\"@tmliitto\" \/>\n<meta name=\"twitter:label1\" content=\"Ber\u00e4knad l\u00e4stid\" \/>\n\t<meta name=\"twitter:data1\" content=\"2 minuter\" \/>\n<script type=\"application\/ld+json\" class=\"yoast-schema-graph\">{\"@context\":\"https:\\\/\\\/schema.org\",\"@graph\":[{\"@type\":\"WebPage\",\"@id\":\"https:\\\/\\\/www.painters.fi\\\/sv\\\/malarforbundet\\\/\",\"url\":\"https:\\\/\\\/www.painters.fi\\\/sv\\\/malarforbundet\\\/\",\"name\":\"M\u00e5larf\u00f6rbundet - Taidemaalariliitto\",\"isPartOf\":{\"@id\":\"https:\\\/\\\/www.painters.fi\\\/#website\"},\"datePublished\":\"2016-01-19T12:38:43+00:00\",\"dateModified\":\"2024-12-19T13:35:50+00:00\",\"breadcrumb\":{\"@id\":\"https:\\\/\\\/www.painters.fi\\\/sv\\\/malarforbundet\\\/#breadcrumb\"},\"inLanguage\":\"sv-SE\",\"potentialAction\":[{\"@type\":\"ReadAction\",\"target\":[\"https:\\\/\\\/www.painters.fi\\\/sv\\\/malarforbundet\\\/\"]}]},{\"@type\":\"BreadcrumbList\",\"@id\":\"https:\\\/\\\/www.painters.fi\\\/sv\\\/malarforbundet\\\/#breadcrumb\",\"itemListElement\":[{\"@type\":\"ListItem\",\"position\":1,\"name\":\"Home\",\"item\":\"https:\\\/\\\/www.painters.fi\\\/sv\\\/\"},{\"@type\":\"ListItem\",\"position\":2,\"name\":\"M\u00e5larf\u00f6rbundet\"}]},{\"@type\":\"WebSite\",\"@id\":\"https:\\\/\\\/www.painters.fi\\\/#website\",\"url\":\"https:\\\/\\\/www.painters.fi\\\/\",\"name\":\"Taidemaalariliitto\",\"description\":\"\",\"potentialAction\":[{\"@type\":\"SearchAction\",\"target\":{\"@type\":\"EntryPoint\",\"urlTemplate\":\"https:\\\/\\\/www.painters.fi\\\/?s={search_term_string}\"},\"query-input\":{\"@type\":\"PropertyValueSpecification\",\"valueRequired\":true,\"valueName\":\"search_term_string\"}}],\"inLanguage\":\"sv-SE\"}]}<\/script>\n<!-- \/ Yoast SEO plugin. -->","yoast_head_json":{"title":"M\u00e5larf\u00f6rbundet - Taidemaalariliitto","robots":{"index":"index","follow":"follow","max-snippet":"max-snippet:-1","max-image-preview":"max-image-preview:large","max-video-preview":"max-video-preview:-1"},"canonical":"https:\/\/www.painters.fi\/sv\/malarforbundet\/","og_locale":"sv_SE","og_type":"article","og_title":"M\u00e5larf\u00f6rbundet - Taidemaalariliitto","og_description":"M\u00e5larf\u00f6rbundet, som grundades \u00e5r 1929, \u00e4r en riksomfattande organisation f\u00f6r finl\u00e4ndska yrkesm\u00e5lare. F\u00f6rbundet arbetar f\u00f6r att befr\u00e4mja bildkonsten samt f\u00f6r att f\u00f6rb\u00e4ttra konstn\u00e4rernas yrkesm\u00e4ssiga och sociala f\u00f6rm\u00e5ner. Sina medlemmar erbjuder f\u00f6rbundet olika slags tj\u00e4nster. Konstn\u00e4rerna erbjuds bl.a. r\u00e5dgivning om beskattning och inkomstst\u00f6d. Medlemmarna informeras om aktuella yrkesm\u00e4ssiga evenemang i medlemsbrev som utkommer regelbundet. F\u00f6rbundet verkar &hellip; Continue reading M\u00e5larf\u00f6rbundet &raquo;","og_url":"https:\/\/www.painters.fi\/sv\/malarforbundet\/","og_site_name":"Taidemaalariliitto","article_publisher":"https:\/\/www.facebook.com\/Taidemaalariliitto","article_modified_time":"2024-12-19T13:35:50+00:00","twitter_card":"summary_large_image","twitter_site":"@tmliitto","twitter_misc":{"Ber\u00e4knad l\u00e4stid":"2 minuter"},"schema":{"@context":"https:\/\/schema.org","@graph":[{"@type":"WebPage","@id":"https:\/\/www.painters.fi\/sv\/malarforbundet\/","url":"https:\/\/www.painters.fi\/sv\/malarforbundet\/","name":"M\u00e5larf\u00f6rbundet - Taidemaalariliitto","isPartOf":{"@id":"https:\/\/www.painters.fi\/#website"},"datePublished":"2016-01-19T12:38:43+00:00","dateModified":"2024-12-19T13:35:50+00:00","breadcrumb":{"@id":"https:\/\/www.painters.fi\/sv\/malarforbundet\/#breadcrumb"},"inLanguage":"sv-SE","potentialAction":[{"@type":"ReadAction","target":["https:\/\/www.painters.fi\/sv\/malarforbundet\/"]}]},{"@type":"BreadcrumbList","@id":"https:\/\/www.painters.fi\/sv\/malarforbundet\/#breadcrumb","itemListElement":[{"@type":"ListItem","position":1,"name":"Home","item":"https:\/\/www.painters.fi\/sv\/"},{"@type":"ListItem","position":2,"name":"M\u00e5larf\u00f6rbundet"}]},{"@type":"WebSite","@id":"https:\/\/www.painters.fi\/#website","url":"https:\/\/www.painters.fi\/","name":"Taidemaalariliitto","description":"","potentialAction":[{"@type":"SearchAction","target":{"@type":"EntryPoint","urlTemplate":"https:\/\/www.painters.fi\/?s={search_term_string}"},"query-input":{"@type":"PropertyValueSpecification","valueRequired":true,"valueName":"search_term_string"}}],"inLanguage":"sv-SE"}]}},"_links":{"self":[{"href":"https:\/\/www.painters.fi\/sv\/wp-json\/wp\/v2\/pages\/4484","targetHints":{"allow":["GET"]}}],"collection":[{"href":"https:\/\/www.painters.fi\/sv\/wp-json\/wp\/v2\/pages"}],"about":[{"href":"https:\/\/www.painters.fi\/sv\/wp-json\/wp\/v2\/types\/page"}],"author":[{"embeddable":true,"href":"https:\/\/www.painters.fi\/sv\/wp-json\/wp\/v2\/users\/1"}],"replies":[{"embeddable":true,"href":"https:\/\/www.painters.fi\/sv\/wp-json\/wp\/v2\/comments?post=4484"}],"version-history":[{"count":8,"href":"https:\/\/www.painters.fi\/sv\/wp-json\/wp\/v2\/pages\/4484\/revisions"}],"predecessor-version":[{"id":58431,"href":"https:\/\/www.painters.fi\/sv\/wp-json\/wp\/v2\/pages\/4484\/revisions\/58431"}],"wp:attachment":[{"href":"https:\/\/www.painters.fi\/sv\/wp-json\/wp\/v2\/media?parent=4484"}],"curies":[{"name":"wp","href":"https:\/\/api.w.org\/{rel}","templated":true}]}}