{"id":44728,"date":"2022-01-27T12:54:50","date_gmt":"2022-01-27T10:54:50","guid":{"rendered":"https:\/\/www.painters.fi\/?page_id=44728"},"modified":"2025-06-02T10:48:51","modified_gmt":"2025-06-02T07:48:51","slug":"finnish-painters","status":"publish","type":"page","link":"https:\/\/www.painters.fi\/en\/finnish-painters\/","title":{"rendered":"Finnish Painters"},"content":{"rendered":"<h1><strong>Finnish Painters project\u00a0<\/strong><\/h1>\n<div>\n<p><span lang=\"EN-US\">The Finnish Painters project promotes the international visibility and networking of Finnish painters and transparency of access to international activities. The project aims at a space where Finnish contemporary art and painting are internationally recognized and in demand. <\/span><\/p>\n<\/div>\n<div>\n<p><span lang=\"EN-US\">Finnish Painters\u2019 Union and the Finnish Painters project launched the <a href=\"https:\/\/finnishpainters.fi\">finnishpainters.fi<\/a> website while participating in the Supermarket Art Fair in Stockholm, Sweden in October 2021. The website works as an agent between art professionals and contemporary Finnish painters. The mission of the Finnish Painters team is to spread the word about Finnish contemporary art, and by doing so, to create dreams and possibilities of collaboration. The service is free of charge to all participants. The finnishpainters website highlights Finnish painters and the diversity of painting. It is the first English-language site to present Finnish painters extensively but in a curated way. The website was launched with 50 painters. The finnishpainters website added 36 new artists in the autumn 2022 and 21 artists in the spring 2024. The artists<\/span><span lang=\"EN-US\"> can be browsed by name, thematic themes, age, and location. The artists are presented with a short bio texts, CVs, and pictures of artworks and the artist. Website visitors can mark their favorite artists and works of art and by doing so, make their own collections. The painters presented on the finnishpainters website are curated members of the Finnish Painters\u2019 Union. <\/span><\/p>\n<\/div>\n<div>\n<p><span lang=\"EN-US\">In addition to artist presentations, the finnishpainters website publishes texts on Finnish painting and painters from both Finnish and foreign representatives of the art field. The first <a href=\"https:\/\/finnishpainters.fi\/haapala-painting\/\">article<\/a> published on the website is an essay by Leevi Haapala, director of the Museum of Contemporary Art Kiasma, where he discusses the factors that determine Finnish painters and painting. <\/span><\/p>\n<\/div>\n<div>\n<p><span lang=\"EN-US\">As well as publishing and maintaining the Finnishpainters website, the project develops support services for members of the Finnish Painters&#8217; Union and establishes contacts with both Finnish and foreign actors in the field of visual arts. <\/span><\/p>\n<\/div>\n<div>\n<p><span lang=\"EN-US\">The Finnish Painters\u2019 Union is a nationwide non-profit association of professional painters. The union works to improve the professional and social interests of visual artists and to promote the visual arts. One of the goals of the Finnish Painters\u2019 Union is to increase the international recognition and demand for Finnish contemporary art and painting. Finnishpainters website is realized with the support of the Saastamoinen Foundation.<\/span><\/p>\n<\/div>\n<p>&nbsp;<\/p>\n<p><a href=\"https:\/\/finnishpainters.fi\">https:\/\/finnishpainters.fi<\/a><\/p>\n<p><a href=\"https:\/\/saastamoinenfoundation.fi\">https:\/\/saastamoinenfoundation.fi<\/a><\/p>\n<p>&nbsp;<\/p>\n<p><strong>Artists at the <a href=\"https:\/\/finnishpainters.fi\">https:\/\/finnishpainters.fi<\/a>:<\/strong>\u00a0<em>Erika Adamsson, Malin Ahlsved, Henna Aho, Petri Ala-Maunus, P\u00e4ivikki Alar\u00e4ih\u00e4, Timo Andersson, Sampo Apajalahti, Roy Aurinko, Elina Autio, Jesse Avdeikov, Stig Baumgartner, Petteri Cederberg, Eeva-Riitta Eerola, Toni Elg, Matilda Enegren, Elina F\u00f6rsti, Jussi Goman, Henri Hagman, Taru Happonen, Sami Havia, Hannaleena Heiska, Tiina Heiska, Karoliina Hellberg, Jenni Hiltunen, Kaija Hinkula, Petri Hyt\u00f6nen, Eveliina H\u00e4m\u00e4l\u00e4inen, Helka Immonen, Lotta Ingman, Petra Innanen, Sylvia Jav\u00e9n, Henna Jula, Topi Juntunen, Lasse Juuti, Markus J\u00e4ntti, Mikko Kallio, Sirkku Kanervo, Hanna Kanto, Eemil Karila, Liisa Karintaus, Haruka Kashima, Henni Kitti, Markus Konttinen, Jukka Korkeila, Sami Korkiakoski, Teemu Korpela, Essi Kuokkanen, J-P K\u00f6ykk\u00e4, Tuomo Laakso, Heidi Lampenius, Santeri Lehto, Niina Lehtonen Braun, Sami Lukkarinen, Emma Luukkala, Ville L\u00f6pp\u00f6nen, Iisa Maaranen, Raija Malka, Heikki Marila, Tiina Mielonen, Katri Mononen, Teemu M\u00e4ki, Jarmo M\u00e4kil\u00e4, Rauha M\u00e4kil\u00e4, Vilma M\u00e4\u00e4tt\u00e4nen, nabbteeri, Reima Nevalainen, Jussi Niva, Tiina Nurminen, Sara Orava, Mikko Paakkonen, Kimi Pakarinen, Heli Penttinen, Eeva Peura, Tamara Piilola, Siiri Pohjolainen, Tiina Pyykkinen, Raisa Raekallio ja Misha del Val, Mirka Raito, Jarkko Rantanen, Matti Rantanen, Satu Rautiainen, Anna Retulainen, Nina Roos, Linda Roschier, Leonor Ruiz Dubrovin, Elina Ruohonen, Hanna Saarikoski, Stiina Saaristo, Elsa Salonen, Jukka Siikala, Alina Sinivaara, Hemmo Siponen, Joel Slotte, Rose-Mari Torpo , Katja Tukiainen, Kirsti Tuokko, Anna Tuori, Marianna Uutinen, Juha Vanonen, Kari Vehosalo, Mika Vesalahti, Camilla Vuorenmaa, Ville V\u00e4likangas, Mirimari V\u00e4yrynen, Viggo Wallensk\u00f6ld, Jenni Ypp\u00e4ril\u00e4.<\/em><\/p>\n<p>&nbsp;<\/p>\n<p><img loading=\"lazy\" decoding=\"async\" class=\"size-full wp-image-43864 alignnone\" src=\"https:\/\/www.painters.fi\/wp-content\/uploads\/2021\/10\/logo_ff.jpg\" alt=\"\" width=\"197\" height=\"77\" \/><\/p>\n<p>&nbsp;<\/p>\n<p><img loading=\"lazy\" decoding=\"async\" class=\"alignnone wp-image-43092\" src=\"https:\/\/www.painters.fi\/wp-content\/uploads\/2021\/06\/SAS_text_logo_URL_ENG.jpg\" alt=\"\" width=\"300\" height=\"113\" srcset=\"https:\/\/www.painters.fi\/wp-content\/uploads\/2021\/06\/SAS_text_logo_URL_ENG.jpg 902w, https:\/\/www.painters.fi\/wp-content\/uploads\/2021\/06\/SAS_text_logo_URL_ENG-300x113.jpg 300w, https:\/\/www.painters.fi\/wp-content\/uploads\/2021\/06\/SAS_text_logo_URL_ENG-650x246.jpg 650w, https:\/\/www.painters.fi\/wp-content\/uploads\/2021\/06\/SAS_text_logo_URL_ENG-661x250.jpg 661w, https:\/\/www.painters.fi\/wp-content\/uploads\/2021\/06\/SAS_text_logo_URL_ENG-685x259.jpg 685w, https:\/\/www.painters.fi\/wp-content\/uploads\/2021\/06\/SAS_text_logo_URL_ENG-600x227.jpg 600w\" sizes=\"auto, (max-width: 300px) 100vw, 300px\" \/><\/p>\n<p><img loading=\"lazy\" decoding=\"async\" class=\"alignleft wp-image-52386\" src=\"https:\/\/www.painters.fi\/wp-content\/uploads\/2023\/09\/OKM-logo-2R-en-musta-L100-CMYK-1024x240.jpg\" alt=\"\" width=\"400\" height=\"94\" srcset=\"https:\/\/www.painters.fi\/wp-content\/uploads\/2023\/09\/OKM-logo-2R-en-musta-L100-CMYK-1024x240.jpg 1024w, https:\/\/www.painters.fi\/wp-content\/uploads\/2023\/09\/OKM-logo-2R-en-musta-L100-CMYK-300x70.jpg 300w, https:\/\/www.painters.fi\/wp-content\/uploads\/2023\/09\/OKM-logo-2R-en-musta-L100-CMYK-1536x359.jpg 1536w, https:\/\/www.painters.fi\/wp-content\/uploads\/2023\/09\/OKM-logo-2R-en-musta-L100-CMYK-650x152.jpg 650w, https:\/\/www.painters.fi\/wp-content\/uploads\/2023\/09\/OKM-logo-2R-en-musta-L100-CMYK-999x234.jpg 999w, https:\/\/www.painters.fi\/wp-content\/uploads\/2023\/09\/OKM-logo-2R-en-musta-L100-CMYK-685x160.jpg 685w, https:\/\/www.painters.fi\/wp-content\/uploads\/2023\/09\/OKM-logo-2R-en-musta-L100-CMYK-600x140.jpg 600w, https:\/\/www.painters.fi\/wp-content\/uploads\/2023\/09\/OKM-logo-2R-en-musta-L100-CMYK.jpg 2048w\" sizes=\"auto, (max-width: 400px) 100vw, 400px\" \/><\/p>\n<p><img loading=\"lazy\" decoding=\"async\" class=\"alignleft wp-image-47542 size-medium\" src=\"https:\/\/www.painters.fi\/wp-content\/uploads\/2023\/02\/logo_skr_englanti-300x108.jpg\" alt=\"\" width=\"300\" height=\"108\" srcset=\"https:\/\/www.painters.fi\/wp-content\/uploads\/2023\/02\/logo_skr_englanti-300x108.jpg 300w, https:\/\/www.painters.fi\/wp-content\/uploads\/2023\/02\/logo_skr_englanti-650x234.jpg 650w, https:\/\/www.painters.fi\/wp-content\/uploads\/2023\/02\/logo_skr_englanti-696x250.jpg 696w, https:\/\/www.painters.fi\/wp-content\/uploads\/2023\/02\/logo_skr_englanti-685x246.jpg 685w, https:\/\/www.painters.fi\/wp-content\/uploads\/2023\/02\/logo_skr_englanti-600x216.jpg 600w, https:\/\/www.painters.fi\/wp-content\/uploads\/2023\/02\/logo_skr_englanti.jpg 771w\" sizes=\"auto, (max-width: 300px) 100vw, 300px\" \/><\/p>\n","protected":false},"excerpt":{"rendered":"<p>Finnish Painters project\u00a0 The Finnish Painters project promotes the international visibility and networking of Finnish painters and transparency of access to international activities. The project aims at a space where Finnish contemporary art and painting are internationally recognized and in demand. Finnish Painters\u2019 Union and the Finnish Painters project launched the finnishpainters.fi website while participating &hellip; <a href=\"https:\/\/www.painters.fi\/en\/finnish-painters\/\" class=\"more-link\">Continue reading <span class=\"screen-reader-text\">Finnish Painters<\/span> <span class=\"meta-nav\">&raquo;<\/span><\/a><\/p>\n","protected":false},"author":3891,"featured_media":0,"parent":0,"menu_order":0,"comment_status":"closed","ping_status":"closed","template":"","meta":{"_acf_changed":false,"_relevanssi_hide_post":"","_relevanssi_hide_content":"","_relevanssi_pin_for_all":"","_relevanssi_pin_keywords":"","_relevanssi_unpin_keywords":"","_relevanssi_related_keywords":"","_relevanssi_related_include_ids":"","_relevanssi_related_exclude_ids":"","_relevanssi_related_no_append":"","_relevanssi_related_not_related":"","_relevanssi_related_posts":"","_relevanssi_noindex_reason":"","footnotes":""},"class_list":["post-44728","page","type-page","status-publish","hentry"],"acf":[],"yoast_head":"<!-- This site is optimized with the Yoast SEO plugin v27.4 - https:\/\/yoast.com\/product\/yoast-seo-wordpress\/ -->\n<title>Finnish Painters - Taidemaalariliitto<\/title>\n<meta name=\"robots\" content=\"index, follow, max-snippet:-1, max-image-preview:large, max-video-preview:-1\" \/>\n<link rel=\"canonical\" href=\"https:\/\/www.painters.fi\/en\/finnish-painters\/\" \/>\n<meta property=\"og:locale\" content=\"en_US\" \/>\n<meta property=\"og:type\" content=\"article\" \/>\n<meta property=\"og:title\" content=\"Finnish Painters - Taidemaalariliitto\" \/>\n<meta property=\"og:description\" content=\"Finnish Painters project\u00a0 The Finnish Painters project promotes the international visibility and networking of Finnish painters and transparency of access to international activities. The project aims at a space where Finnish contemporary art and painting are internationally recognized and in demand. Finnish Painters\u2019 Union and the Finnish Painters project launched the finnishpainters.fi website while participating &hellip; Continue reading Finnish Painters &raquo;\" \/>\n<meta property=\"og:url\" content=\"https:\/\/www.painters.fi\/en\/finnish-painters\/\" \/>\n<meta property=\"og:site_name\" content=\"Taidemaalariliitto\" \/>\n<meta property=\"article:publisher\" content=\"https:\/\/www.facebook.com\/Taidemaalariliitto\" \/>\n<meta property=\"article:modified_time\" content=\"2025-06-02T07:48:51+00:00\" \/>\n<meta property=\"og:image\" content=\"https:\/\/www.painters.fi\/wp-content\/uploads\/2021\/10\/logo_ff.jpg\" \/>\n\t<meta property=\"og:image:width\" content=\"197\" \/>\n\t<meta property=\"og:image:height\" content=\"77\" \/>\n\t<meta property=\"og:image:type\" content=\"image\/jpeg\" \/>\n<meta name=\"twitter:card\" content=\"summary_large_image\" \/>\n<meta name=\"twitter:site\" content=\"@tmliitto\" \/>\n<meta name=\"twitter:label1\" content=\"Est. reading time\" \/>\n\t<meta name=\"twitter:data1\" content=\"5 minutes\" \/>\n<script type=\"application\/ld+json\" class=\"yoast-schema-graph\">{\"@context\":\"https:\\\/\\\/schema.org\",\"@graph\":[{\"@type\":\"WebPage\",\"@id\":\"https:\\\/\\\/www.painters.fi\\\/en\\\/finnish-painters\\\/\",\"url\":\"https:\\\/\\\/www.painters.fi\\\/en\\\/finnish-painters\\\/\",\"name\":\"Finnish Painters - Taidemaalariliitto\",\"isPartOf\":{\"@id\":\"https:\\\/\\\/www.painters.fi\\\/#website\"},\"primaryImageOfPage\":{\"@id\":\"https:\\\/\\\/www.painters.fi\\\/en\\\/finnish-painters\\\/#primaryimage\"},\"image\":{\"@id\":\"https:\\\/\\\/www.painters.fi\\\/en\\\/finnish-painters\\\/#primaryimage\"},\"thumbnailUrl\":\"https:\\\/\\\/www.painters.fi\\\/wp-content\\\/uploads\\\/2021\\\/10\\\/logo_ff.jpg\",\"datePublished\":\"2022-01-27T10:54:50+00:00\",\"dateModified\":\"2025-06-02T07:48:51+00:00\",\"breadcrumb\":{\"@id\":\"https:\\\/\\\/www.painters.fi\\\/en\\\/finnish-painters\\\/#breadcrumb\"},\"inLanguage\":\"en-US\",\"potentialAction\":[{\"@type\":\"ReadAction\",\"target\":[\"https:\\\/\\\/www.painters.fi\\\/en\\\/finnish-painters\\\/\"]}]},{\"@type\":\"ImageObject\",\"inLanguage\":\"en-US\",\"@id\":\"https:\\\/\\\/www.painters.fi\\\/en\\\/finnish-painters\\\/#primaryimage\",\"url\":\"https:\\\/\\\/www.painters.fi\\\/wp-content\\\/uploads\\\/2021\\\/10\\\/logo_ff.jpg\",\"contentUrl\":\"https:\\\/\\\/www.painters.fi\\\/wp-content\\\/uploads\\\/2021\\\/10\\\/logo_ff.jpg\"},{\"@type\":\"BreadcrumbList\",\"@id\":\"https:\\\/\\\/www.painters.fi\\\/en\\\/finnish-painters\\\/#breadcrumb\",\"itemListElement\":[{\"@type\":\"ListItem\",\"position\":1,\"name\":\"Home\",\"item\":\"https:\\\/\\\/www.painters.fi\\\/en\\\/\"},{\"@type\":\"ListItem\",\"position\":2,\"name\":\"Finnish Painters\"}]},{\"@type\":\"WebSite\",\"@id\":\"https:\\\/\\\/www.painters.fi\\\/#website\",\"url\":\"https:\\\/\\\/www.painters.fi\\\/\",\"name\":\"Taidemaalariliitto\",\"description\":\"\",\"potentialAction\":[{\"@type\":\"SearchAction\",\"target\":{\"@type\":\"EntryPoint\",\"urlTemplate\":\"https:\\\/\\\/www.painters.fi\\\/?s={search_term_string}\"},\"query-input\":{\"@type\":\"PropertyValueSpecification\",\"valueRequired\":true,\"valueName\":\"search_term_string\"}}],\"inLanguage\":\"en-US\"}]}<\/script>\n<!-- \/ Yoast SEO plugin. -->","yoast_head_json":{"title":"Finnish Painters - Taidemaalariliitto","robots":{"index":"index","follow":"follow","max-snippet":"max-snippet:-1","max-image-preview":"max-image-preview:large","max-video-preview":"max-video-preview:-1"},"canonical":"https:\/\/www.painters.fi\/en\/finnish-painters\/","og_locale":"en_US","og_type":"article","og_title":"Finnish Painters - Taidemaalariliitto","og_description":"Finnish Painters project\u00a0 The Finnish Painters project promotes the international visibility and networking of Finnish painters and transparency of access to international activities. The project aims at a space where Finnish contemporary art and painting are internationally recognized and in demand. Finnish Painters\u2019 Union and the Finnish Painters project launched the finnishpainters.fi website while participating &hellip; Continue reading Finnish Painters &raquo;","og_url":"https:\/\/www.painters.fi\/en\/finnish-painters\/","og_site_name":"Taidemaalariliitto","article_publisher":"https:\/\/www.facebook.com\/Taidemaalariliitto","article_modified_time":"2025-06-02T07:48:51+00:00","og_image":[{"width":197,"height":77,"url":"https:\/\/www.painters.fi\/wp-content\/uploads\/2021\/10\/logo_ff.jpg","type":"image\/jpeg"}],"twitter_card":"summary_large_image","twitter_site":"@tmliitto","twitter_misc":{"Est. reading time":"5 minutes"},"schema":{"@context":"https:\/\/schema.org","@graph":[{"@type":"WebPage","@id":"https:\/\/www.painters.fi\/en\/finnish-painters\/","url":"https:\/\/www.painters.fi\/en\/finnish-painters\/","name":"Finnish Painters - Taidemaalariliitto","isPartOf":{"@id":"https:\/\/www.painters.fi\/#website"},"primaryImageOfPage":{"@id":"https:\/\/www.painters.fi\/en\/finnish-painters\/#primaryimage"},"image":{"@id":"https:\/\/www.painters.fi\/en\/finnish-painters\/#primaryimage"},"thumbnailUrl":"https:\/\/www.painters.fi\/wp-content\/uploads\/2021\/10\/logo_ff.jpg","datePublished":"2022-01-27T10:54:50+00:00","dateModified":"2025-06-02T07:48:51+00:00","breadcrumb":{"@id":"https:\/\/www.painters.fi\/en\/finnish-painters\/#breadcrumb"},"inLanguage":"en-US","potentialAction":[{"@type":"ReadAction","target":["https:\/\/www.painters.fi\/en\/finnish-painters\/"]}]},{"@type":"ImageObject","inLanguage":"en-US","@id":"https:\/\/www.painters.fi\/en\/finnish-painters\/#primaryimage","url":"https:\/\/www.painters.fi\/wp-content\/uploads\/2021\/10\/logo_ff.jpg","contentUrl":"https:\/\/www.painters.fi\/wp-content\/uploads\/2021\/10\/logo_ff.jpg"},{"@type":"BreadcrumbList","@id":"https:\/\/www.painters.fi\/en\/finnish-painters\/#breadcrumb","itemListElement":[{"@type":"ListItem","position":1,"name":"Home","item":"https:\/\/www.painters.fi\/en\/"},{"@type":"ListItem","position":2,"name":"Finnish Painters"}]},{"@type":"WebSite","@id":"https:\/\/www.painters.fi\/#website","url":"https:\/\/www.painters.fi\/","name":"Taidemaalariliitto","description":"","potentialAction":[{"@type":"SearchAction","target":{"@type":"EntryPoint","urlTemplate":"https:\/\/www.painters.fi\/?s={search_term_string}"},"query-input":{"@type":"PropertyValueSpecification","valueRequired":true,"valueName":"search_term_string"}}],"inLanguage":"en-US"}]}},"_links":{"self":[{"href":"https:\/\/www.painters.fi\/en\/wp-json\/wp\/v2\/pages\/44728","targetHints":{"allow":["GET"]}}],"collection":[{"href":"https:\/\/www.painters.fi\/en\/wp-json\/wp\/v2\/pages"}],"about":[{"href":"https:\/\/www.painters.fi\/en\/wp-json\/wp\/v2\/types\/page"}],"author":[{"embeddable":true,"href":"https:\/\/www.painters.fi\/en\/wp-json\/wp\/v2\/users\/3891"}],"replies":[{"embeddable":true,"href":"https:\/\/www.painters.fi\/en\/wp-json\/wp\/v2\/comments?post=44728"}],"version-history":[{"count":12,"href":"https:\/\/www.painters.fi\/en\/wp-json\/wp\/v2\/pages\/44728\/revisions"}],"predecessor-version":[{"id":60461,"href":"https:\/\/www.painters.fi\/en\/wp-json\/wp\/v2\/pages\/44728\/revisions\/60461"}],"wp:attachment":[{"href":"https:\/\/www.painters.fi\/en\/wp-json\/wp\/v2\/media?parent=44728"}],"curies":[{"name":"wp","href":"https:\/\/api.w.org\/{rel}","templated":true}]}}